{"id":2225,"date":"2018-08-16T09:29:18","date_gmt":"2018-08-16T09:29:18","guid":{"rendered":"https:\/\/experience-valencia.com\/organiza-tu-viaje\/"},"modified":"2019-10-22T15:38:13","modified_gmt":"2019-10-22T15:38:13","slug":"organiza-tu-viaje-a-valencia","status":"publish","type":"page","link":"https:\/\/experience-valencia.com\/it\/organiza-tu-viaje-a-valencia\/","title":{"rendered":"Organiza tu viaje"},"content":{"rendered":"\t\t<div data-elementor-type=\"wp-post\" data-elementor-id=\"2225\" class=\"elementor elementor-2225 elementor-208\" data-elementor-post-type=\"page\">\n\t\t\t\t\t\t<section class=\"elementor-section elementor-top-section elementor-element elementor-element-2db53df elementor-section-boxed elementor-section-height-default elementor-section-height-default\" data-id=\"2db53df\" data-element_type=\"section\" data-e-type=\"section\">\n\t\t\t\t\t\t<div class=\"elementor-container elementor-column-gap-default\">\n\t\t\t\t\t<div class=\"elementor-column elementor-col-100 elementor-top-column elementor-element elementor-element-89a4c1d\" data-id=\"89a4c1d\" data-element_type=\"column\" data-e-type=\"column\">\n\t\t\t<div class=\"elementor-widget-wrap elementor-element-populated\">\n\t\t\t\t\t\t<div class=\"elementor-element elementor-element-5cc540a elementor-widget elementor-widget-text-editor\" data-id=\"5cc540a\" data-element_type=\"widget\" data-e-type=\"widget\" data-widget_type=\"text-editor.default\">\n\t\t\t\t<div class=\"elementor-widget-container\">\n\t\t\t\t\t\t\t\t\t<h2>ORGANIZZA TU VIggio \u00e0 valencia<\/h2>\t\t\t\t\t\t\t\t<\/div>\n\t\t\t\t<\/div>\n\t\t\t\t\t<\/div>\n\t\t<\/div>\n\t\t\t\t\t<\/div>\n\t\t<\/section>\n\t\t\t\t<section class=\"elementor-section elementor-top-section elementor-element elementor-element-bd42231 elementor-section-boxed elementor-section-height-default elementor-section-height-default\" data-id=\"bd42231\" data-element_type=\"section\" data-e-type=\"section\">\n\t\t\t\t\t\t<div class=\"elementor-container elementor-column-gap-default\">\n\t\t\t\t\t<div class=\"elementor-column elementor-col-100 elementor-top-column elementor-element elementor-element-6146b79\" data-id=\"6146b79\" data-element_type=\"column\" data-e-type=\"column\">\n\t\t\t<div class=\"elementor-widget-wrap elementor-element-populated\">\n\t\t\t\t\t\t<div class=\"elementor-element elementor-element-755c0b5 elementor-widget elementor-widget-text-editor\" data-id=\"755c0b5\" data-element_type=\"widget\" data-e-type=\"widget\" data-widget_type=\"text-editor.default\">\n\t\t\t\t<div class=\"elementor-widget-container\">\n\t\t\t\t\t\t\t\t\tTi propongo un programma per sfruttare il tempo al massimo \u00e0 Valencia e non ritornara a casa senza vedere lo esenziale.\t\t\t\t\t\t\t\t<\/div>\n\t\t\t\t<\/div>\n\t\t\t\t\t<\/div>\n\t\t<\/div>\n\t\t\t\t\t<\/div>\n\t\t<\/section>\n\t\t\t\t<section class=\"elementor-section elementor-top-section elementor-element elementor-element-5d8684b elementor-section-boxed elementor-section-height-default elementor-section-height-default\" data-id=\"5d8684b\" data-element_type=\"section\" data-e-type=\"section\">\n\t\t\t\t\t\t<div class=\"elementor-container elementor-column-gap-default\">\n\t\t\t\t\t<div class=\"elementor-column elementor-col-33 elementor-top-column elementor-element elementor-element-a06272d\" data-id=\"a06272d\" data-element_type=\"column\" data-e-type=\"column\">\n\t\t\t<div class=\"elementor-widget-wrap elementor-element-populated\">\n\t\t\t\t\t\t<div class=\"elementor-element elementor-element-04a9b8c dce_masking-none elementor-widget elementor-widget-image\" data-id=\"04a9b8c\" data-element_type=\"widget\" data-e-type=\"widget\" data-widget_type=\"image.default\">\n\t\t\t\t<div class=\"elementor-widget-container\">\n\t\t\t\t\t\t\t\t\t\t\t\t\t\t\t\t<a href=\"http:\/\/experience-valencia.com\/organiza-tu-viaje\/planes-para-un-dia\/\">\n\t\t\t\t\t\t\t<img decoding=\"async\" src=\"https:\/\/experience-valencia.com\/wp-content\/uploads\/elementor\/thumbs\/rawpixel-191102-unsplash-1-q0kkwv76l60zynbfcv8n8qe2jt3ms507mb02r55u7c.jpg\" title=\"rawpixel-191102-unsplash\" alt=\"planes para un d\u00eda en Valencia.Qu\u00e9 hacer en Valencia un d\u00eda\" loading=\"lazy\" \/>\t\t\t\t\t\t\t\t<\/a>\n\t\t\t\t\t\t\t\t\t\t\t\t\t\t\t<\/div>\n\t\t\t\t<\/div>\n\t\t\t\t<div class=\"elementor-element elementor-element-f38b60a elementor-widget elementor-widget-text-editor\" data-id=\"f38b60a\" data-element_type=\"widget\" data-e-type=\"widget\" data-widget_type=\"text-editor.default\">\n\t\t\t\t<div class=\"elementor-widget-container\">\n\t\t\t\t\t\t\t\t\t<h4 style=\"text-align: center;\"><a href=\"http:\/\/experience-valencia.com\/organiza-tu-viaje\/planes-para-un-dia\/\">PROGRAMMA 1 GIORNO<\/a><\/h4>\t\t\t\t\t\t\t\t<\/div>\n\t\t\t\t<\/div>\n\t\t\t\t\t<\/div>\n\t\t<\/div>\n\t\t\t\t<div class=\"elementor-column elementor-col-33 elementor-top-column elementor-element elementor-element-3690f08\" data-id=\"3690f08\" data-element_type=\"column\" data-e-type=\"column\">\n\t\t\t<div class=\"elementor-widget-wrap elementor-element-populated\">\n\t\t\t\t\t\t<div class=\"elementor-element elementor-element-2ce9c57 dce_masking-none elementor-widget elementor-widget-image\" data-id=\"2ce9c57\" data-element_type=\"widget\" data-e-type=\"widget\" data-widget_type=\"image.default\">\n\t\t\t\t<div class=\"elementor-widget-container\">\n\t\t\t\t\t\t\t\t\t\t\t\t\t\t\t\t<a href=\"http:\/\/experience-valencia.com\/organiza-tu-viaje\/planes-para-dos-dias\/\">\n\t\t\t\t\t\t\t<img decoding=\"async\" src=\"https:\/\/experience-valencia.com\/wp-content\/uploads\/elementor\/thumbs\/claudia-nuta-348343-unsplash-q0kkwkuyhzmuexqg18rqzb000kilfgv5wvtqh3l63s.jpg\" title=\"claudia-nuta-348343-unsplash\" alt=\"Planes en Valencia para dos d\u00edas, qu\u00e9 hacer dos d\u00edas en Valencia\" loading=\"lazy\" \/>\t\t\t\t\t\t\t\t<\/a>\n\t\t\t\t\t\t\t\t\t\t\t\t\t\t\t<\/div>\n\t\t\t\t<\/div>\n\t\t\t\t<div class=\"elementor-element elementor-element-390aaf2 elementor-widget elementor-widget-text-editor\" data-id=\"390aaf2\" data-element_type=\"widget\" data-e-type=\"widget\" data-widget_type=\"text-editor.default\">\n\t\t\t\t<div class=\"elementor-widget-container\">\n\t\t\t\t\t\t\t\t\t<h4 style=\"text-align: center;\"><a href=\"http:\/\/experience-valencia.com\/organiza-tu-viaje\/planes-para-dos-dias\/\">PROGRAMMA 2 GIORNI<\/a><\/h4>\t\t\t\t\t\t\t\t<\/div>\n\t\t\t\t<\/div>\n\t\t\t\t\t<\/div>\n\t\t<\/div>\n\t\t\t\t<div class=\"elementor-column elementor-col-33 elementor-top-column elementor-element elementor-element-69f9eeb\" data-id=\"69f9eeb\" data-element_type=\"column\" data-e-type=\"column\">\n\t\t\t<div class=\"elementor-widget-wrap elementor-element-populated\">\n\t\t\t\t\t\t<div class=\"elementor-element elementor-element-4e8a210 dce_masking-none elementor-widget elementor-widget-image\" data-id=\"4e8a210\" data-element_type=\"widget\" data-e-type=\"widget\" data-widget_type=\"image.default\">\n\t\t\t\t<div class=\"elementor-widget-container\">\n\t\t\t\t\t\t\t\t\t\t\t\t\t\t\t\t<a href=\"http:\/\/experience-valencia.com\/organiza-tu-viaje\/planes-para-tres-dias\/\">\n\t\t\t\t\t\t\t<img decoding=\"async\" src=\"https:\/\/experience-valencia.com\/wp-content\/uploads\/elementor\/thumbs\/30-q0kkdkkgalm3mtcf10zck3ofk27drtekmsw93nrrxk.jpg\" title=\"30\" alt=\"PLANES PARA TRES D\u00cdA EN VALENCIA\" loading=\"lazy\" \/>\t\t\t\t\t\t\t\t<\/a>\n\t\t\t\t\t\t\t\t\t\t\t\t\t\t\t<\/div>\n\t\t\t\t<\/div>\n\t\t\t\t<div class=\"elementor-element elementor-element-c9f1cc4 elementor-widget elementor-widget-text-editor\" data-id=\"c9f1cc4\" data-element_type=\"widget\" data-e-type=\"widget\" data-widget_type=\"text-editor.default\">\n\t\t\t\t<div class=\"elementor-widget-container\">\n\t\t\t\t\t\t\t\t\t<h4 style=\"text-align: center;\"><a href=\"http:\/\/experience-valencia.com\/organiza-tu-viaje\/planes-para-tres-dias\/\">PROGRAMMA 3 GIORNI<\/a><\/h4>\t\t\t\t\t\t\t\t<\/div>\n\t\t\t\t<\/div>\n\t\t\t\t\t<\/div>\n\t\t<\/div>\n\t\t\t\t\t<\/div>\n\t\t<\/section>\n\t\t\t\t<section class=\"elementor-section elementor-top-section elementor-element elementor-element-a28faa7 elementor-section-boxed elementor-section-height-default elementor-section-height-default\" data-id=\"a28faa7\" data-element_type=\"section\" data-e-type=\"section\">\n\t\t\t\t\t\t<div class=\"elementor-container elementor-column-gap-default\">\n\t\t\t\t\t<div class=\"elementor-column elementor-col-100 elementor-top-column elementor-element elementor-element-e9060a1\" data-id=\"e9060a1\" data-element_type=\"column\" data-e-type=\"column\">\n\t\t\t<div class=\"elementor-widget-wrap elementor-element-populated\">\n\t\t\t\t\t\t<div class=\"elementor-element elementor-element-85b2775 elementor-widget elementor-widget-text-editor\" data-id=\"85b2775\" data-element_type=\"widget\" data-e-type=\"widget\" data-widget_type=\"text-editor.default\">\n\t\t\t\t<div class=\"elementor-widget-container\">\n\t\t\t\t\t\t\t\t\tSe vuoi ti accompagniamo durante la tua visita \u00e0 Valencia. Non esistare a metterti in contatto con noi ed insieme organizzaremo il miglior programma.\t\t\t\t\t\t\t\t<\/div>\n\t\t\t\t<\/div>\n\t\t\t\t\t<\/div>\n\t\t<\/div>\n\t\t\t\t\t<\/div>\n\t\t<\/section>\n\t\t\t\t<section class=\"elementor-section elementor-top-section elementor-element elementor-element-3fef60d elementor-section-boxed elementor-section-height-default elementor-section-height-default\" data-id=\"3fef60d\" data-element_type=\"section\" data-e-type=\"section\">\n\t\t\t\t\t\t<div class=\"elementor-container elementor-column-gap-default\">\n\t\t\t\t\t<div class=\"elementor-column elementor-col-100 elementor-top-column elementor-element elementor-element-89d0c9c\" data-id=\"89d0c9c\" data-element_type=\"column\" data-e-type=\"column\">\n\t\t\t<div class=\"elementor-widget-wrap elementor-element-populated\">\n\t\t\t\t\t\t<div class=\"elementor-element elementor-element-90d87e4 elementor-align-center elementor-widget elementor-widget-button\" data-id=\"90d87e4\" data-element_type=\"widget\" data-e-type=\"widget\" data-widget_type=\"button.default\">\n\t\t\t\t<div class=\"elementor-widget-container\">\n\t\t\t\t\t\t\t\t\t<div class=\"elementor-button-wrapper\">\n\t\t\t\t\t<a class=\"elementor-button elementor-button-link elementor-size-sm\" href=\"https:\/\/experience-valencia.com\/contacto\/\">\n\t\t\t\t\t\t<span class=\"elementor-button-content-wrapper\">\n\t\t\t\t\t\t\t\t\t<span class=\"elementor-button-text\">Contacta aqu\u00ed si quieres vivir la experiencia Valenciana con nosotros<\/span>\n\t\t\t\t\t<\/span>\n\t\t\t\t\t<\/a>\n\t\t\t\t<\/div>\n\t\t\t\t\t\t\t\t<\/div>\n\t\t\t\t<\/div>\n\t\t\t\t\t<\/div>\n\t\t<\/div>\n\t\t\t\t\t<\/div>\n\t\t<\/section>\n\t\t\t\t<\/div>\n\t\t","protected":false},"excerpt":{"rendered":"<p>ORGANIZA TU VIAJE Te proponemos una serie de planes para que\u00a0 aproveches el tiempo al m\u00e1ximo y no regreses a casa sin haber visto lo esencial PLANES PARA UN D\u00cdA PLANES PARA DOS D\u00cdAS PLANES PARA TRES D\u00cdAS Si quieres que te acompa\u00f1emos durante el d\u00eda, no dudes en contactarnos y juntos organizaremos la mejor experiencia. Contacta aqu\u00ed si quieres vivir la experiencia Valenciana con nosotros<\/p>\n","protected":false},"author":1,"featured_media":0,"parent":0,"menu_order":0,"comment_status":"closed","ping_status":"closed","template":"","meta":{"footnotes":""},"class_list":["post-2225","page","type-page","status-publish","hentry"],"_links":{"self":[{"href":"https:\/\/experience-valencia.com\/it\/wp-json\/wp\/v2\/pages\/2225","targetHints":{"allow":["GET"]}}],"collection":[{"href":"https:\/\/experience-valencia.com\/it\/wp-json\/wp\/v2\/pages"}],"about":[{"href":"https:\/\/experience-valencia.com\/it\/wp-json\/wp\/v2\/types\/page"}],"author":[{"embeddable":true,"href":"https:\/\/experience-valencia.com\/it\/wp-json\/wp\/v2\/users\/1"}],"replies":[{"embeddable":true,"href":"https:\/\/experience-valencia.com\/it\/wp-json\/wp\/v2\/comments?post=2225"}],"version-history":[{"count":10,"href":"https:\/\/experience-valencia.com\/it\/wp-json\/wp\/v2\/pages\/2225\/revisions"}],"predecessor-version":[{"id":4039,"href":"https:\/\/experience-valencia.com\/it\/wp-json\/wp\/v2\/pages\/2225\/revisions\/4039"}],"wp:attachment":[{"href":"https:\/\/experience-valencia.com\/it\/wp-json\/wp\/v2\/media?parent=2225"}],"curies":[{"name":"wp","href":"https:\/\/api.w.org\/{rel}","templated":true}]}}