{"id":1211,"date":"2018-08-16T09:47:10","date_gmt":"2018-08-16T09:47:10","guid":{"rendered":"https:\/\/experience-valencia.com\/grupos-escolares\/"},"modified":"2019-04-25T16:44:49","modified_gmt":"2019-04-25T16:44:49","slug":"grupos-escolares","status":"publish","type":"page","link":"https:\/\/experience-valencia.com\/it\/grupos-escolares\/","title":{"rendered":"Gruppi scolastici"},"content":{"rendered":"\t\t<div data-elementor-type=\"wp-post\" data-elementor-id=\"1211\" class=\"elementor elementor-1211 elementor-225\" data-elementor-post-type=\"page\">\n\t\t\t\t\t\t<section class=\"elementor-section elementor-top-section elementor-element elementor-element-f95f8c2 elementor-section-full_width elementor-section-height-default elementor-section-height-default\" data-id=\"f95f8c2\" data-element_type=\"section\" data-e-type=\"section\">\n\t\t\t\t\t\t<div class=\"elementor-container elementor-column-gap-no\">\n\t\t\t\t\t<div class=\"elementor-column elementor-col-100 elementor-top-column elementor-element elementor-element-f82722e\" data-id=\"f82722e\" data-element_type=\"column\" data-e-type=\"column\">\n\t\t\t<div class=\"elementor-widget-wrap elementor-element-populated\">\n\t\t\t\t\t\t<div class=\"elementor-element elementor-element-0ff20c6 dce_masking-none elementor-widget elementor-widget-image\" data-id=\"0ff20c6\" data-element_type=\"widget\" data-e-type=\"widget\" data-widget_type=\"image.default\">\n\t\t\t\t<div class=\"elementor-widget-container\">\n\t\t\t\t\t\t\t\t\t\t\t\t\t\t\t<img fetchpriority=\"high\" decoding=\"async\" width=\"1920\" height=\"600\" src=\"https:\/\/experience-valencia.com\/wp-content\/uploads\/2018\/11\/grupos-escolares.jpg\" class=\"attachment-full size-full wp-image-907\" alt=\"Visitas guiadas Valencia, visite guidate Valencia, tours Valencia, qu\u00e9 hacer en Valencia, what to do in Valencia, attivit\u00e0 da fare \u00e0 Valencia\" srcset=\"https:\/\/experience-valencia.com\/wp-content\/uploads\/2018\/11\/grupos-escolares.jpg 1920w, https:\/\/experience-valencia.com\/wp-content\/uploads\/2018\/11\/grupos-escolares-300x94.jpg 300w, https:\/\/experience-valencia.com\/wp-content\/uploads\/2018\/11\/grupos-escolares-768x240.jpg 768w, https:\/\/experience-valencia.com\/wp-content\/uploads\/2018\/11\/grupos-escolares-1024x320.jpg 1024w, https:\/\/experience-valencia.com\/wp-content\/uploads\/2018\/11\/grupos-escolares-700x219.jpg 700w\" sizes=\"(max-width: 1920px) 100vw, 1920px\" \/>\t\t\t\t\t\t\t\t\t\t\t\t\t\t\t<\/div>\n\t\t\t\t<\/div>\n\t\t\t\t\t<\/div>\n\t\t<\/div>\n\t\t\t\t\t<\/div>\n\t\t<\/section>\n\t\t\t\t<section data-dce-background-color=\"#bcaf9c\" class=\"elementor-section elementor-top-section elementor-element elementor-element-dd25c37 elementor-section-boxed elementor-section-height-default elementor-section-height-default\" data-id=\"dd25c37\" data-element_type=\"section\" data-e-type=\"section\" data-settings=\"{&quot;background_background&quot;:&quot;classic&quot;}\">\n\t\t\t\t\t\t<div class=\"elementor-container elementor-column-gap-default\">\n\t\t\t\t\t<div class=\"elementor-column elementor-col-100 elementor-top-column elementor-element elementor-element-c017705\" data-id=\"c017705\" data-element_type=\"column\" data-e-type=\"column\">\n\t\t\t<div class=\"elementor-widget-wrap elementor-element-populated\">\n\t\t\t\t\t\t<div class=\"elementor-element elementor-element-ab1bdb2 elementor-widget elementor-widget-text-editor\" data-id=\"ab1bdb2\" data-element_type=\"widget\" data-e-type=\"widget\" data-widget_type=\"text-editor.default\">\n\t\t\t\t<div class=\"elementor-widget-container\">\n\t\t\t\t\t\t\t\t\t<h2><span style=\"color: #ffffff;\">GRUPPI SCOLASTICI<br \/><\/span><\/h2>\t\t\t\t\t\t\t\t<\/div>\n\t\t\t\t<\/div>\n\t\t\t\t\t<\/div>\n\t\t<\/div>\n\t\t\t\t\t<\/div>\n\t\t<\/section>\n\t\t\t\t<section data-dce-background-color=\"#e8e8e8\" class=\"elementor-section elementor-top-section elementor-element elementor-element-2a417b4 elementor-section-boxed elementor-section-height-default elementor-section-height-default\" data-id=\"2a417b4\" data-element_type=\"section\" data-e-type=\"section\" data-settings=\"{&quot;background_background&quot;:&quot;classic&quot;}\">\n\t\t\t\t\t\t<div class=\"elementor-container elementor-column-gap-default\">\n\t\t\t\t\t<div data-dce-background-color=\"#ffffff\" class=\"elementor-column elementor-col-50 elementor-top-column elementor-element elementor-element-a120200\" data-id=\"a120200\" data-element_type=\"column\" data-e-type=\"column\" data-settings=\"{&quot;background_background&quot;:&quot;classic&quot;}\">\n\t\t\t<div class=\"elementor-widget-wrap elementor-element-populated\">\n\t\t\t\t\t\t<div class=\"elementor-element elementor-element-a59cd05 visita elementor-widget elementor-widget-text-editor\" data-id=\"a59cd05\" data-element_type=\"widget\" data-e-type=\"widget\" data-widget_type=\"text-editor.default\">\n\t\t\t\t<div class=\"elementor-widget-container\">\n\t\t\t\t\t\t\t\t\t<p><strong>INFORMAzione<\/strong><\/p>\t\t\t\t\t\t\t\t<\/div>\n\t\t\t\t<\/div>\n\t\t\t\t<div class=\"elementor-element elementor-element-83351b0 elementor-widget elementor-widget-text-editor\" data-id=\"83351b0\" data-element_type=\"widget\" data-e-type=\"widget\" data-widget_type=\"text-editor.default\">\n\t\t\t\t<div class=\"elementor-widget-container\">\n\t\t\t\t\t\t\t\t\t\nSe stai pianificando di svolgere attivit\u00e0 al di fuori dell&#8217;aula o un viaggio culturale, Valencia \u00e8 la citt\u00e0 ideale da scoprire con i pi\u00f9 piccoli (solo piccoli?).\n\nExperience Valencia organizza tutti i tipi di attivit\u00e0 in modo che gli studenti imparino in modo divertente a comprendere e ad interpretare la storia ed il patrimonio culturale e naturale della citt\u00e0.\n\nScarica il nostro catalogo di attivit\u00e0 pensate per loro! Se non trovi quello che stai cercando, contattaci, adatteremo e prepareremo il programma in base a ci\u00f2 che stai cercando.\t\t\t\t\t\t\t\t<\/div>\n\t\t\t\t<\/div>\n\t\t\t\t<div class=\"elementor-element elementor-element-8bffd55 elementor-align-center elementor-icon-list--layout-traditional elementor-list-item-link-full_width elementor-widget elementor-widget-icon-list\" data-id=\"8bffd55\" data-element_type=\"widget\" data-e-type=\"widget\" data-widget_type=\"icon-list.default\">\n\t\t\t\t<div class=\"elementor-widget-container\">\n\t\t\t\t\t\t\t<ul class=\"elementor-icon-list-items\">\n\t\t\t\t\t\t\t<li class=\"elementor-icon-list-item\">\n\t\t\t\t\t\t\t\t\t\t\t<a href=\"https:\/\/experience-valencia.com\/wp-content\/uploads\/2019\/04\/Cat\u00e1logo-escolares_IT.pdf\" target=\"_blank\">\n\n\t\t\t\t\t\t\t\t\t\t\t\t<span class=\"elementor-icon-list-icon\">\n\t\t\t\t\t\t\t\t\t\t\t\t\t\t\t\t<i class=\"fa fa-child\" aria-hidden=\"true\"><\/i>\n\t\t\t\t\t\t\t\t\t\t\t\t\t<\/span>\n\t\t\t\t\t\t\t\t\t\t<span class=\"elementor-icon-list-text\">Scarica la nostra brochure informativa<\/span>\n\t\t\t\t\t\t\t\t\t\t\t<\/a>\n\t\t\t\t\t\t\t\t\t<\/li>\n\t\t\t\t\t\t<\/ul>\n\t\t\t\t\t\t<\/div>\n\t\t\t\t<\/div>\n\t\t\t\t\t<\/div>\n\t\t<\/div>\n\t\t\t\t<div class=\"elementor-column elementor-col-50 elementor-top-column elementor-element elementor-element-3c94906\" data-id=\"3c94906\" data-element_type=\"column\" data-e-type=\"column\">\n\t\t\t<div class=\"elementor-widget-wrap elementor-element-populated\">\n\t\t\t\t\t\t<div class=\"elementor-element elementor-element-619a39a elementor-widget elementor-widget-text-editor\" data-id=\"619a39a\" data-element_type=\"widget\" data-e-type=\"widget\" data-widget_type=\"text-editor.default\">\n\t\t\t\t<div class=\"elementor-widget-container\">\n\t\t\t\t\t\t\t\t\t\u00bfA QU\u00c9 ESPERAS PARA CONOCER VALENCIA?\t\t\t\t\t\t\t\t<\/div>\n\t\t\t\t<\/div>\n\t\t\t\t<div class=\"elementor-element elementor-element-8a76eba form_portada elementor-widget elementor-widget-wp-widget-wpforms-widget\" data-id=\"8a76eba\" data-element_type=\"widget\" data-e-type=\"widget\" data-widget_type=\"wp-widget-wpforms-widget.default\">\n\t\t\t\t<div class=\"elementor-widget-container\">\n\t\t\t\t\t<div class=\"wpforms-container wpforms-container-full\" id=\"wpforms-2461\"><form id=\"wpforms-form-2461\" class=\"wpforms-validate wpforms-form\" data-formid=\"2461\" method=\"post\" enctype=\"multipart\/form-data\" action=\"\/it\/wp-json\/wp\/v2\/pages\/1211\" data-token=\"0f6925c43016a551fe48fead4e751676\" data-token-time=\"1775736023\"><noscript class=\"wpforms-error-noscript\">Abilita JavaScript nel browser per completare questo modulo.<\/noscript><div class=\"wpforms-field-container\"><div id=\"wpforms-2461-field_0-container\" class=\"wpforms-field wpforms-field-name\" data-field-id=\"0\"><label class=\"wpforms-field-label wpforms-label-hide\" for=\"wpforms-2461-field_0\">Nombre <span class=\"wpforms-required-label\">*<\/span><\/label><input type=\"text\" id=\"wpforms-2461-field_0\" class=\"wpforms-field-large wpforms-field-required\" name=\"wpforms[fields][0]\" placeholder=\"Nombre\" required><\/div><div id=\"wpforms-2461-field_1-container\" class=\"wpforms-field wpforms-field-email\" data-field-id=\"1\"><label class=\"wpforms-field-label wpforms-label-hide\" for=\"wpforms-2461-field_1\">Email <span class=\"wpforms-required-label\">*<\/span><\/label><input type=\"email\" id=\"wpforms-2461-field_1\" class=\"wpforms-field-large wpforms-field-required\" name=\"wpforms[fields][1]\" placeholder=\"Email\" spellcheck=\"false\" required><\/div><div id=\"wpforms-2461-field_3-container\" class=\"wpforms-field wpforms-field-select wpforms-field-select-style-classic\" data-field-id=\"3\"><label class=\"wpforms-field-label wpforms-label-hide\" for=\"wpforms-2461-field_3\">\u00bfEn qu\u00e9 servicio est\u00e1s interesado?<\/label><select id=\"wpforms-2461-field_3\" class=\"wpforms-field-large\" name=\"wpforms[fields][3]\"><option value=\"\" class=\"placeholder\" disabled  selected='selected'>\u00bfEn qu\u00e9 servicio est\u00e1s interesado?<\/option><option value=\"Valencia centro hist\u00f3rico\"  class=\"choice-1 depth-1\"  >Valencia centro hist\u00f3rico<\/option><option value=\"Ciudad de las Artes y las Ciencas\"  class=\"choice-2 depth-1\"  >Ciudad de las Artes y las Ciencas<\/option><option value=\"Valencia sobre ruedas\"  class=\"choice-3 depth-1\"  >Valencia sobre ruedas<\/option><option value=\"Valencia gastron\u00f3mica\"  class=\"choice-4 depth-1\"  >Valencia gastron\u00f3mica<\/option><option value=\"Valencia alrededores\"  class=\"choice-5 depth-1\"  >Valencia alrededores<\/option><\/select><\/div><div id=\"wpforms-2461-field_2-container\" class=\"wpforms-field wpforms-field-textarea\" data-field-id=\"2\"><label class=\"wpforms-field-label wpforms-label-hide\" for=\"wpforms-2461-field_2\">Mensaje <span class=\"wpforms-required-label\">*<\/span><\/label><textarea id=\"wpforms-2461-field_2\" class=\"wpforms-field-medium wpforms-field-required\" name=\"wpforms[fields][2]\" placeholder=\"Mensaje\" required><\/textarea><\/div><div id=\"wpforms-2461-field_4-container\" class=\"wpforms-field wpforms-field-checkbox\" data-field-id=\"4\"><label class=\"wpforms-field-label\">Informaci\u00f3n b\u00e1sica sobre Protecci\u00f3n de Datos <span class=\"wpforms-required-label\">*<\/span><\/label><ul id=\"wpforms-2461-field_4\" class=\"wpforms-field-required\"><li class=\"choice-1 depth-1\"><input type=\"checkbox\" id=\"wpforms-2461-field_4_1\" name=\"wpforms[fields][4][]\" value=\"Acepto el &lt;a href=&quot;https:\/\/experience-valencia.com\/aviso-legal\/&quot; target=&quot;_blank&quot; rel=&quot;noopener&quot;&gt;Aviso legal&lt;\/a&gt; y la &lt;a href=&quot;https:\/\/experience-valencia.com\/politica-de-privacidad\/&quot; target=&quot;_blank&quot; rel=&quot;noopener&quot;&gt;Pol\u00edtica de Privacidad&lt;\/a&gt;\" required ><label class=\"wpforms-field-label-inline\" for=\"wpforms-2461-field_4_1\">Acepto el <a href=\"https:\/\/experience-valencia.com\/aviso-legal\/\" target=\"_blank\" rel=\"noopener\">Aviso legal<\/a> y la <a href=\"https:\/\/experience-valencia.com\/politica-de-privacidad\/\" target=\"_blank\" rel=\"noopener\">Pol\u00edtica de Privacidad<\/a><\/label><\/li><\/ul><\/div><div id=\"wpforms-2461-field_5-container\" class=\"wpforms-field wpforms-field-html\" data-field-id=\"5\"><div id=\"wpforms-2461-field_5\"><div style=\"font-size:12px; line-height: 14px;\">\r\n<strong>Responsable:<\/strong> Ana Isabel Arco Sola<br \/>\r\n<strong>Finalidad:<\/strong>  Obtenci\u00f3n de tu consentimiento para responder a las cuestiones que nos planteas y solicitarnos reserva a trav\u00e9s de nuestro formulario de contacto.<br \/>\r\n<strong>Legitimaci\u00f3n:<\/strong>  Consentimiento del interesado.<br \/>\r\n<strong>Destinatarios:<\/strong>  No se ceder\u00e1n datos a terceros, salvo obligaci\u00f3n legal.<br \/>\r\n<strong>Derechos:<\/strong>  Acceder, rectificar y suprimir los datos, as\u00ed como otros derechos, como se explica en la informaci\u00f3n adicional.<br \/>\r\n<strong>Informaci\u00f3n adicional:<\/strong>  Puedes consultar la informaci\u00f3n adicional y detallada sobre Protecci\u00f3n de Datos: https:\/\/experience-valencia.com\/politica-de-privacidad\/<\/div><\/div><\/div><\/div><!-- .wpforms-field-container --><div class=\"wpforms-field wpforms-field-hp\"><label for=\"wpforms-2461-field-hp\" class=\"wpforms-field-label\">Comment<\/label><input type=\"text\" name=\"wpforms[hp]\" id=\"wpforms-2461-field-hp\" class=\"wpforms-field-medium\"><\/div><div class=\"wpforms-recaptcha-container wpforms-is-recaptcha wpforms-is-recaptcha-type-v3\" ><input type=\"hidden\" name=\"wpforms[recaptcha]\" value=\"\"><\/div><div class=\"wpforms-submit-container\" ><input type=\"hidden\" name=\"wpforms[id]\" value=\"2461\"><input type=\"hidden\" name=\"page_title\" value=\"\"><input type=\"hidden\" name=\"page_url\" value=\"https:\/\/experience-valencia.com\/it\/wp-json\/wp\/v2\/pages\/1211\"><input type=\"hidden\" name=\"url_referer\" value=\"\"><button type=\"submit\" name=\"wpforms[submit]\" id=\"wpforms-submit-2461\" class=\"wpforms-submit\" data-alt-text=\"Enviando...\" data-submit-text=\"Enviar\" aria-live=\"assertive\" value=\"wpforms-submit\">Enviar<\/button><\/div><\/form><\/div>  <!-- .wpforms-container -->\t\t\t\t<\/div>\n\t\t\t\t<\/div>\n\t\t\t\t\t<\/div>\n\t\t<\/div>\n\t\t\t\t\t<\/div>\n\t\t<\/section>\n\t\t\t\t<section class=\"elementor-section elementor-top-section elementor-element elementor-element-e88d49d elementor-section-boxed elementor-section-height-default elementor-section-height-default\" data-id=\"e88d49d\" data-element_type=\"section\" data-e-type=\"section\">\n\t\t\t\t\t\t<div class=\"elementor-container elementor-column-gap-default\">\n\t\t\t\t\t<div class=\"elementor-column elementor-col-100 elementor-top-column elementor-element elementor-element-ba8356f\" data-id=\"ba8356f\" data-element_type=\"column\" data-e-type=\"column\">\n\t\t\t<div class=\"elementor-widget-wrap elementor-element-populated\">\n\t\t\t\t\t\t<div class=\"elementor-element elementor-element-1c16d89 dce_masking-none elementor-widget elementor-widget-image\" data-id=\"1c16d89\" data-element_type=\"widget\" data-e-type=\"widget\" data-widget_type=\"image.default\">\n\t\t\t\t<div class=\"elementor-widget-container\">\n\t\t\t\t\t\t\t\t\t\t\t\t\t\t\t<img decoding=\"async\" width=\"1100\" height=\"381\" src=\"https:\/\/experience-valencia.com\/wp-content\/uploads\/2018\/12\/ilustracion-escolares.png\" class=\"attachment-full size-full wp-image-1398\" alt=\"visitas guiadas escolares Valencia\" srcset=\"https:\/\/experience-valencia.com\/wp-content\/uploads\/2018\/12\/ilustracion-escolares.png 1100w, https:\/\/experience-valencia.com\/wp-content\/uploads\/2018\/12\/ilustracion-escolares-300x104.png 300w, https:\/\/experience-valencia.com\/wp-content\/uploads\/2018\/12\/ilustracion-escolares-768x266.png 768w, https:\/\/experience-valencia.com\/wp-content\/uploads\/2018\/12\/ilustracion-escolares-1024x355.png 1024w, https:\/\/experience-valencia.com\/wp-content\/uploads\/2018\/12\/ilustracion-escolares-700x242.png 700w\" sizes=\"(max-width: 1100px) 100vw, 1100px\" \/>\t\t\t\t\t\t\t\t\t\t\t\t\t\t\t<\/div>\n\t\t\t\t<\/div>\n\t\t\t\t\t<\/div>\n\t\t<\/div>\n\t\t\t\t\t<\/div>\n\t\t<\/section>\n\t\t\t\t<\/div>\n\t\t","protected":false},"excerpt":{"rendered":"<p>GRUPPI SCOLASTICI INFORMAzione Se stai pianificando di svolgere attivit\u00e0 al di fuori dell&#8217;aula o un viaggio culturale, Valencia \u00e8 la citt\u00e0 ideale da scoprire con i pi\u00f9 piccoli (solo piccoli?). Experience Valencia organizza tutti i tipi di attivit\u00e0 in modo che gli studenti imparino in modo divertente a comprendere e ad interpretare la storia ed il patrimonio culturale e naturale della citt\u00e0. Scarica il nostro catalogo di attivit\u00e0 pensate per loro! Se non trovi quello che stai cercando, contattaci, adatteremo e prepareremo il programma in base a ci\u00f2 che stai cercando. Scarica la nostra brochure informativa \u00bfA QU\u00c9 ESPERAS PARA&#8230;<\/p>\n","protected":false},"author":1,"featured_media":0,"parent":0,"menu_order":0,"comment_status":"closed","ping_status":"closed","template":"full_width.php","meta":{"footnotes":""},"class_list":["post-1211","page","type-page","status-publish","hentry"],"_links":{"self":[{"href":"https:\/\/experience-valencia.com\/it\/wp-json\/wp\/v2\/pages\/1211","targetHints":{"allow":["GET"]}}],"collection":[{"href":"https:\/\/experience-valencia.com\/it\/wp-json\/wp\/v2\/pages"}],"about":[{"href":"https:\/\/experience-valencia.com\/it\/wp-json\/wp\/v2\/types\/page"}],"author":[{"embeddable":true,"href":"https:\/\/experience-valencia.com\/it\/wp-json\/wp\/v2\/users\/1"}],"replies":[{"embeddable":true,"href":"https:\/\/experience-valencia.com\/it\/wp-json\/wp\/v2\/comments?post=1211"}],"version-history":[{"count":12,"href":"https:\/\/experience-valencia.com\/it\/wp-json\/wp\/v2\/pages\/1211\/revisions"}],"predecessor-version":[{"id":3503,"href":"https:\/\/experience-valencia.com\/it\/wp-json\/wp\/v2\/pages\/1211\/revisions\/3503"}],"wp:attachment":[{"href":"https:\/\/experience-valencia.com\/it\/wp-json\/wp\/v2\/media?parent=1211"}],"curies":[{"name":"wp","href":"https:\/\/api.w.org\/{rel}","templated":true}]}}