{"id":1203,"date":"2018-08-16T09:47:03","date_gmt":"2018-08-16T09:47:03","guid":{"rendered":"https:\/\/experience-valencia.com\/agencias-y-empresas\/"},"modified":"2019-10-22T15:08:53","modified_gmt":"2019-10-22T15:08:53","slug":"agencias-y-empresas","status":"publish","type":"page","link":"https:\/\/experience-valencia.com\/it\/agencias-y-empresas\/","title":{"rendered":"Agenzie e Aziende"},"content":{"rendered":"\t\t<div data-elementor-type=\"wp-post\" data-elementor-id=\"1203\" class=\"elementor elementor-1203 elementor-223\" data-elementor-post-type=\"page\">\n\t\t\t\t\t\t<section class=\"elementor-section elementor-top-section elementor-element elementor-element-6763799 elementor-section-full_width elementor-section-height-default elementor-section-height-default\" data-id=\"6763799\" data-element_type=\"section\" data-e-type=\"section\">\n\t\t\t\t\t\t<div class=\"elementor-container elementor-column-gap-no\">\n\t\t\t\t\t<div class=\"elementor-column elementor-col-100 elementor-top-column elementor-element elementor-element-d07f5ba\" data-id=\"d07f5ba\" data-element_type=\"column\" data-e-type=\"column\">\n\t\t\t<div class=\"elementor-widget-wrap elementor-element-populated\">\n\t\t\t\t\t\t<div class=\"elementor-element elementor-element-1d60649 dce_masking-none elementor-widget elementor-widget-image\" data-id=\"1d60649\" data-element_type=\"widget\" data-e-type=\"widget\" data-widget_type=\"image.default\">\n\t\t\t\t<div class=\"elementor-widget-container\">\n\t\t\t\t\t\t\t\t\t\t\t\t\t\t\t<img fetchpriority=\"high\" decoding=\"async\" width=\"1920\" height=\"600\" src=\"https:\/\/experience-valencia.com\/wp-content\/uploads\/2018\/11\/agencias-y-empresas.jpg\" class=\"attachment-full size-full wp-image-904\" alt=\"organizaci\u00f3n de eventos valencia\" srcset=\"https:\/\/experience-valencia.com\/wp-content\/uploads\/2018\/11\/agencias-y-empresas.jpg 1920w, https:\/\/experience-valencia.com\/wp-content\/uploads\/2018\/11\/agencias-y-empresas-300x94.jpg 300w, https:\/\/experience-valencia.com\/wp-content\/uploads\/2018\/11\/agencias-y-empresas-768x240.jpg 768w, https:\/\/experience-valencia.com\/wp-content\/uploads\/2018\/11\/agencias-y-empresas-1024x320.jpg 1024w, https:\/\/experience-valencia.com\/wp-content\/uploads\/2018\/11\/agencias-y-empresas-700x219.jpg 700w\" sizes=\"(max-width: 1920px) 100vw, 1920px\" \/>\t\t\t\t\t\t\t\t\t\t\t\t\t\t\t<\/div>\n\t\t\t\t<\/div>\n\t\t\t\t\t<\/div>\n\t\t<\/div>\n\t\t\t\t\t<\/div>\n\t\t<\/section>\n\t\t\t\t<section data-dce-background-color=\"#bcaf9c\" class=\"elementor-section elementor-top-section elementor-element elementor-element-9742487 elementor-section-boxed elementor-section-height-default elementor-section-height-default\" data-id=\"9742487\" data-element_type=\"section\" data-e-type=\"section\" data-settings=\"{&quot;background_background&quot;:&quot;classic&quot;}\">\n\t\t\t\t\t\t<div class=\"elementor-container elementor-column-gap-default\">\n\t\t\t\t\t<div class=\"elementor-column elementor-col-100 elementor-top-column elementor-element elementor-element-81ffa95\" data-id=\"81ffa95\" data-element_type=\"column\" data-e-type=\"column\">\n\t\t\t<div class=\"elementor-widget-wrap elementor-element-populated\">\n\t\t\t\t\t\t<div class=\"elementor-element elementor-element-b2ee449 elementor-widget elementor-widget-text-editor\" data-id=\"b2ee449\" data-element_type=\"widget\" data-e-type=\"widget\" data-widget_type=\"text-editor.default\">\n\t\t\t\t<div class=\"elementor-widget-container\">\n\t\t\t\t\t\t\t\t\t<h2><span style=\"color: #ffffff;\">AGENZIE DI VIAGGI ED AZIENDE<br><\/span><\/h2>\t\t\t\t\t\t\t\t<\/div>\n\t\t\t\t<\/div>\n\t\t\t\t\t<\/div>\n\t\t<\/div>\n\t\t\t\t\t<\/div>\n\t\t<\/section>\n\t\t\t\t<section data-dce-background-color=\"#e8e8e8\" class=\"elementor-section elementor-top-section elementor-element elementor-element-1268278 elementor-section-boxed elementor-section-height-default elementor-section-height-default\" data-id=\"1268278\" data-element_type=\"section\" data-e-type=\"section\" data-settings=\"{&quot;background_background&quot;:&quot;classic&quot;}\">\n\t\t\t\t\t\t<div class=\"elementor-container elementor-column-gap-default\">\n\t\t\t\t\t<div data-dce-background-color=\"#ffffff\" class=\"elementor-column elementor-col-50 elementor-top-column elementor-element elementor-element-364953f\" data-id=\"364953f\" data-element_type=\"column\" data-e-type=\"column\" data-settings=\"{&quot;background_background&quot;:&quot;classic&quot;}\">\n\t\t\t<div class=\"elementor-widget-wrap elementor-element-populated\">\n\t\t\t\t\t\t<div class=\"elementor-element elementor-element-d96507f visita elementor-widget elementor-widget-text-editor\" data-id=\"d96507f\" data-element_type=\"widget\" data-e-type=\"widget\" data-widget_type=\"text-editor.default\">\n\t\t\t\t<div class=\"elementor-widget-container\">\n\t\t\t\t\t\t\t\t\t<p><strong>INFORMAZIONE<br \/><\/strong><\/p>\t\t\t\t\t\t\t\t<\/div>\n\t\t\t\t<\/div>\n\t\t\t\t<div class=\"elementor-element elementor-element-5869796 elementor-widget elementor-widget-text-editor\" data-id=\"5869796\" data-element_type=\"widget\" data-e-type=\"widget\" data-widget_type=\"text-editor.default\">\n\t\t\t\t<div class=\"elementor-widget-container\">\n\t\t\t\t\t\t\t\t\tSe avete scelto la citt\u00e0 di Valencia come prossima destinazione, noi di Valencia Experience ti possiamo aiutare con tutto il necessario per portare a termine la tua proposta.\nPuntiamo su un servizio di ALTA qualit\u00e0, siamo nativi e conosciamo la citt\u00e0 in prima persona in modo da poterti offrire l&#8217;opzione che meglio si adatta a ci\u00f2 che stai cercando. Sar\u00e0 un piacere consigliarti.\nNon esitare a metterti in contatto con noi e a parlarci di quello che desideri e che stai cercando, ci metteremo al lavoro in modo di creare la migliore esperienza che si possa vivere.\t\t\t\t\t\t\t\t<\/div>\n\t\t\t\t<\/div>\n\t\t\t\t<section class=\"elementor-section elementor-inner-section elementor-element elementor-element-3a9f6b7 elementor-section-boxed elementor-section-height-default elementor-section-height-default\" data-id=\"3a9f6b7\" data-element_type=\"section\" data-e-type=\"section\">\n\t\t\t\t\t\t<div class=\"elementor-container elementor-column-gap-default\">\n\t\t\t\t\t<div class=\"elementor-column elementor-col-33 elementor-inner-column elementor-element elementor-element-3b5d1ab\" data-id=\"3b5d1ab\" data-element_type=\"column\" data-e-type=\"column\">\n\t\t\t<div class=\"elementor-widget-wrap elementor-element-populated\">\n\t\t\t\t\t\t<div class=\"elementor-element elementor-element-1aef343 dce_masking-none elementor-widget elementor-widget-image\" data-id=\"1aef343\" data-element_type=\"widget\" data-e-type=\"widget\" data-widget_type=\"image.default\">\n\t\t\t\t<div class=\"elementor-widget-container\">\n\t\t\t\t\t\t\t\t\t\t\t\t\t\t\t<img decoding=\"async\" src=\"https:\/\/experience-valencia.com\/wp-content\/uploads\/elementor\/thumbs\/tours-a-medida-q0kmvxrrcsok05o58dayui9mgkvsb9u3713a9h7d0w.png\" title=\"tours-a-medida\" alt=\"tours-a-medida\" loading=\"lazy\" \/>\t\t\t\t\t\t\t\t\t\t\t\t\t\t\t<\/div>\n\t\t\t\t<\/div>\n\t\t\t\t<div class=\"elementor-element elementor-element-7bc472b elementor-widget elementor-widget-text-editor\" data-id=\"7bc472b\" data-element_type=\"widget\" data-e-type=\"widget\" data-widget_type=\"text-editor.default\">\n\t\t\t\t<div class=\"elementor-widget-container\">\n\t\t\t\t\t\t\t\t\t<h4 style=\"text-align: center;\">su misura<\/h4><p style=\"text-align: center;\">Tour per gli ospiti di una crociera<\/p><p style=\"text-align: center;\">Tour pensati per i membri di un congresso<\/p><p style=\"text-align: center;\">Tour per incentivi<\/p><p style=\"text-align: center;\">Tour di ispezione<\/p><p style=\"text-align: center;\">Eventi privati: feste per aziende, feste private, compleanni, ricorrenze, matrimoni<\/p><p style=\"text-align: center;\">Organizzazione di Team Buildings<!--<\/p--><\/p>\t\t\t\t\t\t\t\t<\/div>\n\t\t\t\t<\/div>\n\t\t\t\t\t<\/div>\n\t\t<\/div>\n\t\t\t\t<div class=\"elementor-column elementor-col-33 elementor-inner-column elementor-element elementor-element-88da73d\" data-id=\"88da73d\" data-element_type=\"column\" data-e-type=\"column\">\n\t\t\t<div class=\"elementor-widget-wrap elementor-element-populated\">\n\t\t\t\t\t\t<div class=\"elementor-element elementor-element-71824d0 dce_masking-none elementor-widget elementor-widget-image\" data-id=\"71824d0\" data-element_type=\"widget\" data-e-type=\"widget\" data-widget_type=\"image.default\">\n\t\t\t\t<div class=\"elementor-widget-container\">\n\t\t\t\t\t\t\t\t\t\t\t\t\t\t\t<img decoding=\"async\" src=\"https:\/\/experience-valencia.com\/wp-content\/uploads\/elementor\/thumbs\/gestion-tours-q0kmvr6w0yfjqvxpasgkv1xeavs7te3yu4ivwjh48g.png\" title=\"gestion-tours\" alt=\"gestion-tours\" loading=\"lazy\" \/>\t\t\t\t\t\t\t\t\t\t\t\t\t\t\t<\/div>\n\t\t\t\t<\/div>\n\t\t\t\t<div class=\"elementor-element elementor-element-c3af227 elementor-widget elementor-widget-text-editor\" data-id=\"c3af227\" data-element_type=\"widget\" data-e-type=\"widget\" data-widget_type=\"text-editor.default\">\n\t\t\t\t<div class=\"elementor-widget-container\">\n\t\t\t\t\t\t\t\t\t<h4 style=\"text-align: center;\">GESTIONE<\/h4><p style=\"text-align: center;\">\u00a0<\/p><p style=\"text-align: center;\">Gestione di acquisto di biglietti per musei e altri luoghi di interesse.<\/p><p style=\"text-align: center;\">Noleggio di radioguide.<\/p><p style=\"text-align: center;\">Preparazione e progettazione di regali, ceste &#8230;<\/p><p style=\"text-align: center;\">Ambientazione e decorazione di eventi<\/p>\t\t\t\t\t\t\t\t<\/div>\n\t\t\t\t<\/div>\n\t\t\t\t\t<\/div>\n\t\t<\/div>\n\t\t\t\t<div class=\"elementor-column elementor-col-33 elementor-inner-column elementor-element elementor-element-84cd526\" data-id=\"84cd526\" data-element_type=\"column\" data-e-type=\"column\">\n\t\t\t<div class=\"elementor-widget-wrap elementor-element-populated\">\n\t\t\t\t\t\t<div class=\"elementor-element elementor-element-b73edfe dce_masking-none elementor-widget elementor-widget-image\" data-id=\"b73edfe\" data-element_type=\"widget\" data-e-type=\"widget\" data-widget_type=\"image.default\">\n\t\t\t\t<div class=\"elementor-widget-container\">\n\t\t\t\t\t\t\t\t\t\t\t\t\t\t\t<img decoding=\"async\" src=\"https:\/\/experience-valencia.com\/wp-content\/uploads\/elementor\/thumbs\/asistencia-q0kmvhsi4m2oisbctoeb64asd12jof2ngu013rv1yo.png\" title=\"asistencia\" alt=\"asistencia\" loading=\"lazy\" \/>\t\t\t\t\t\t\t\t\t\t\t\t\t\t\t<\/div>\n\t\t\t\t<\/div>\n\t\t\t\t<div class=\"elementor-element elementor-element-e73af1a elementor-widget elementor-widget-text-editor\" data-id=\"e73af1a\" data-element_type=\"widget\" data-e-type=\"widget\" data-widget_type=\"text-editor.default\">\n\t\t\t\t<div class=\"elementor-widget-container\">\n\t\t\t\t\t\t\t\t\t<h4 style=\"text-align: center;\">ASSISTENZA<\/h4><p style=\"text-align: center;\">Accompagnamento \/assistenza durante pranzi\/cene.<\/p><p style=\"text-align: center;\">Assistenza in porto\/aeroporto\/stazioni e trasferimenti<\/p><p style=\"text-align: center;\">Coordinamento dell&#8217;evento in situ<\/p><p style=\"text-align: center;\">Hospitality Desk\/Banco d&#8217;accoglienza<\/p>\t\t\t\t\t\t\t\t<\/div>\n\t\t\t\t<\/div>\n\t\t\t\t\t<\/div>\n\t\t<\/div>\n\t\t\t\t\t<\/div>\n\t\t<\/section>\n\t\t\t\t\t<\/div>\n\t\t<\/div>\n\t\t\t\t<div class=\"elementor-column elementor-col-50 elementor-top-column elementor-element elementor-element-e3156d6\" data-id=\"e3156d6\" data-element_type=\"column\" data-e-type=\"column\">\n\t\t\t<div class=\"elementor-widget-wrap elementor-element-populated\">\n\t\t\t\t\t\t<div class=\"elementor-element elementor-element-c743458 elementor-widget elementor-widget-text-editor\" data-id=\"c743458\" data-element_type=\"widget\" data-e-type=\"widget\" data-widget_type=\"text-editor.default\">\n\t\t\t\t<div class=\"elementor-widget-container\">\n\t\t\t\t\t\t\t\t\tESTAMOS DISPONIBLES PARA TI, CONS\u00daLTA LO QUE NECESITES.\t\t\t\t\t\t\t\t<\/div>\n\t\t\t\t<\/div>\n\t\t\t\t<div class=\"elementor-element elementor-element-7eaadcb form_portada elementor-widget elementor-widget-wp-widget-wpforms-widget\" data-id=\"7eaadcb\" data-element_type=\"widget\" data-e-type=\"widget\" data-widget_type=\"wp-widget-wpforms-widget.default\">\n\t\t\t\t<div class=\"elementor-widget-container\">\n\t\t\t\t\t<div class=\"wpforms-container wpforms-container-full\" id=\"wpforms-2461\"><form id=\"wpforms-form-2461\" class=\"wpforms-validate wpforms-form\" data-formid=\"2461\" method=\"post\" enctype=\"multipart\/form-data\" action=\"\/it\/wp-json\/wp\/v2\/pages\/1203\" data-token=\"d150dd3dd29942b6122d699f8e9d8384\" data-token-time=\"1776576876\"><noscript class=\"wpforms-error-noscript\">Abilita JavaScript nel browser per completare questo modulo.<\/noscript><div class=\"wpforms-field-container\"><div id=\"wpforms-2461-field_0-container\" class=\"wpforms-field wpforms-field-name\" data-field-id=\"0\"><label class=\"wpforms-field-label wpforms-label-hide\" for=\"wpforms-2461-field_0\">Nombre <span class=\"wpforms-required-label\">*<\/span><\/label><input type=\"text\" id=\"wpforms-2461-field_0\" class=\"wpforms-field-large wpforms-field-required\" name=\"wpforms[fields][0]\" placeholder=\"Nombre\" required><\/div><div id=\"wpforms-2461-field_1-container\" class=\"wpforms-field wpforms-field-email\" data-field-id=\"1\"><label class=\"wpforms-field-label wpforms-label-hide\" for=\"wpforms-2461-field_1\">Email <span class=\"wpforms-required-label\">*<\/span><\/label><input type=\"email\" id=\"wpforms-2461-field_1\" class=\"wpforms-field-large wpforms-field-required\" name=\"wpforms[fields][1]\" placeholder=\"Email\" spellcheck=\"false\" required><\/div><div id=\"wpforms-2461-field_3-container\" class=\"wpforms-field wpforms-field-select wpforms-field-select-style-classic\" data-field-id=\"3\"><label class=\"wpforms-field-label wpforms-label-hide\" for=\"wpforms-2461-field_3\">\u00bfEn qu\u00e9 servicio est\u00e1s interesado?<\/label><select id=\"wpforms-2461-field_3\" class=\"wpforms-field-large\" name=\"wpforms[fields][3]\"><option value=\"\" class=\"placeholder\" disabled  selected='selected'>\u00bfEn qu\u00e9 servicio est\u00e1s interesado?<\/option><option value=\"Valencia centro hist\u00f3rico\"  class=\"choice-1 depth-1\"  >Valencia centro hist\u00f3rico<\/option><option value=\"Ciudad de las Artes y las Ciencas\"  class=\"choice-2 depth-1\"  >Ciudad de las Artes y las Ciencas<\/option><option value=\"Valencia sobre ruedas\"  class=\"choice-3 depth-1\"  >Valencia sobre ruedas<\/option><option value=\"Valencia gastron\u00f3mica\"  class=\"choice-4 depth-1\"  >Valencia gastron\u00f3mica<\/option><option value=\"Valencia alrededores\"  class=\"choice-5 depth-1\"  >Valencia alrededores<\/option><\/select><\/div><div id=\"wpforms-2461-field_2-container\" class=\"wpforms-field wpforms-field-textarea\" data-field-id=\"2\"><label class=\"wpforms-field-label wpforms-label-hide\" for=\"wpforms-2461-field_2\">Mensaje <span class=\"wpforms-required-label\">*<\/span><\/label><textarea id=\"wpforms-2461-field_2\" class=\"wpforms-field-medium wpforms-field-required\" name=\"wpforms[fields][2]\" placeholder=\"Mensaje\" required><\/textarea><\/div><div id=\"wpforms-2461-field_4-container\" class=\"wpforms-field wpforms-field-checkbox\" data-field-id=\"4\"><label class=\"wpforms-field-label\">Informaci\u00f3n b\u00e1sica sobre Protecci\u00f3n de Datos <span class=\"wpforms-required-label\">*<\/span><\/label><ul id=\"wpforms-2461-field_4\" class=\"wpforms-field-required\"><li class=\"choice-1 depth-1\"><input type=\"checkbox\" id=\"wpforms-2461-field_4_1\" name=\"wpforms[fields][4][]\" value=\"Acepto el &lt;a href=&quot;https:\/\/experience-valencia.com\/aviso-legal\/&quot; target=&quot;_blank&quot; rel=&quot;noopener&quot;&gt;Aviso legal&lt;\/a&gt; y la &lt;a href=&quot;https:\/\/experience-valencia.com\/politica-de-privacidad\/&quot; target=&quot;_blank&quot; rel=&quot;noopener&quot;&gt;Pol\u00edtica de Privacidad&lt;\/a&gt;\" required ><label class=\"wpforms-field-label-inline\" for=\"wpforms-2461-field_4_1\">Acepto el <a href=\"https:\/\/experience-valencia.com\/aviso-legal\/\" target=\"_blank\" rel=\"noopener\">Aviso legal<\/a> y la <a href=\"https:\/\/experience-valencia.com\/politica-de-privacidad\/\" target=\"_blank\" rel=\"noopener\">Pol\u00edtica de Privacidad<\/a><\/label><\/li><\/ul><\/div><div id=\"wpforms-2461-field_5-container\" class=\"wpforms-field wpforms-field-html\" data-field-id=\"5\"><div id=\"wpforms-2461-field_5\"><div style=\"font-size:12px; line-height: 14px;\">\r\n<strong>Responsable:<\/strong> Ana Isabel Arco Sola<br \/>\r\n<strong>Finalidad:<\/strong>  Obtenci\u00f3n de tu consentimiento para responder a las cuestiones que nos planteas y solicitarnos reserva a trav\u00e9s de nuestro formulario de contacto.<br \/>\r\n<strong>Legitimaci\u00f3n:<\/strong>  Consentimiento del interesado.<br \/>\r\n<strong>Destinatarios:<\/strong>  No se ceder\u00e1n datos a terceros, salvo obligaci\u00f3n legal.<br \/>\r\n<strong>Derechos:<\/strong>  Acceder, rectificar y suprimir los datos, as\u00ed como otros derechos, como se explica en la informaci\u00f3n adicional.<br \/>\r\n<strong>Informaci\u00f3n adicional:<\/strong>  Puedes consultar la informaci\u00f3n adicional y detallada sobre Protecci\u00f3n de Datos: https:\/\/experience-valencia.com\/politica-de-privacidad\/<\/div><\/div><\/div><\/div><!-- .wpforms-field-container --><div class=\"wpforms-field wpforms-field-hp\"><label for=\"wpforms-2461-field-hp\" class=\"wpforms-field-label\">Website<\/label><input type=\"text\" name=\"wpforms[hp]\" id=\"wpforms-2461-field-hp\" class=\"wpforms-field-medium\"><\/div><div class=\"wpforms-recaptcha-container wpforms-is-recaptcha wpforms-is-recaptcha-type-v3\" ><input type=\"hidden\" name=\"wpforms[recaptcha]\" value=\"\"><\/div><div class=\"wpforms-submit-container\" ><input type=\"hidden\" name=\"wpforms[id]\" value=\"2461\"><input type=\"hidden\" name=\"page_title\" value=\"\"><input type=\"hidden\" name=\"page_url\" value=\"https:\/\/experience-valencia.com\/it\/wp-json\/wp\/v2\/pages\/1203\"><input type=\"hidden\" name=\"url_referer\" value=\"\"><button type=\"submit\" name=\"wpforms[submit]\" id=\"wpforms-submit-2461\" class=\"wpforms-submit\" data-alt-text=\"Enviando...\" data-submit-text=\"Enviar\" aria-live=\"assertive\" value=\"wpforms-submit\">Enviar<\/button><\/div><\/form><\/div>  <!-- .wpforms-container -->\t\t\t\t<\/div>\n\t\t\t\t<\/div>\n\t\t\t\t\t<\/div>\n\t\t<\/div>\n\t\t\t\t\t<\/div>\n\t\t<\/section>\n\t\t\t\t<section class=\"elementor-section elementor-top-section elementor-element elementor-element-12e6ee7 elementor-section-boxed elementor-section-height-default elementor-section-height-default\" data-id=\"12e6ee7\" data-element_type=\"section\" data-e-type=\"section\">\n\t\t\t\t\t\t<div class=\"elementor-container elementor-column-gap-default\">\n\t\t\t\t\t<div class=\"elementor-column elementor-col-100 elementor-top-column elementor-element elementor-element-175c61f\" data-id=\"175c61f\" data-element_type=\"column\" data-e-type=\"column\">\n\t\t\t<div class=\"elementor-widget-wrap elementor-element-populated\">\n\t\t\t\t\t\t<div class=\"elementor-element elementor-element-b9913f7 elementor-align-center elementor-icon-list--layout-traditional elementor-list-item-link-full_width elementor-widget elementor-widget-icon-list\" data-id=\"b9913f7\" data-element_type=\"widget\" data-e-type=\"widget\" data-widget_type=\"icon-list.default\">\n\t\t\t\t<div class=\"elementor-widget-container\">\n\t\t\t\t\t\t\t<ul class=\"elementor-icon-list-items\">\n\t\t\t\t\t\t\t<li class=\"elementor-icon-list-item\">\n\t\t\t\t\t\t\t\t\t\t\t<a href=\"https:\/\/experience-valencia.com\/wp-content\/uploads\/2019\/10\/Experience-Valencia-business_compressed.pdf\" target=\"_blank\">\n\n\t\t\t\t\t\t\t\t\t\t\t\t<span class=\"elementor-icon-list-icon\">\n\t\t\t\t\t\t\t\t\t\t\t\t\t\t\t\t<i class=\"fa fa-check\" aria-hidden=\"true\"><\/i>\n\t\t\t\t\t\t\t\t\t\t\t\t\t<\/span>\n\t\t\t\t\t\t\t\t\t\t<span class=\"elementor-icon-list-text\"> Descarga dossier informativo<\/span>\n\t\t\t\t\t\t\t\t\t\t\t<\/a>\n\t\t\t\t\t\t\t\t\t<\/li>\n\t\t\t\t\t\t<\/ul>\n\t\t\t\t\t\t<\/div>\n\t\t\t\t<\/div>\n\t\t\t\t\t<\/div>\n\t\t<\/div>\n\t\t\t\t\t<\/div>\n\t\t<\/section>\n\t\t\t\t<section class=\"elementor-section elementor-top-section elementor-element elementor-element-45cb8c7 elementor-section-boxed elementor-section-height-default elementor-section-height-default\" data-id=\"45cb8c7\" data-element_type=\"section\" data-e-type=\"section\">\n\t\t\t\t\t\t<div class=\"elementor-container elementor-column-gap-default\">\n\t\t\t\t\t<div class=\"elementor-column elementor-col-100 elementor-top-column elementor-element elementor-element-6a9f365\" data-id=\"6a9f365\" data-element_type=\"column\" data-e-type=\"column\">\n\t\t\t<div class=\"elementor-widget-wrap elementor-element-populated\">\n\t\t\t\t\t\t<div class=\"elementor-element elementor-element-37bcda3 dce_masking-none elementor-widget elementor-widget-image\" data-id=\"37bcda3\" data-element_type=\"widget\" data-e-type=\"widget\" data-widget_type=\"image.default\">\n\t\t\t\t<div class=\"elementor-widget-container\">\n\t\t\t\t\t\t\t\t\t\t\t\t\t\t\t<img decoding=\"async\" width=\"1600\" height=\"1067\" src=\"https:\/\/experience-valencia.com\/wp-content\/uploads\/2019\/04\/Visitas-guiadas-valencia-guia-oficial-de-turismo.jpg\" class=\"attachment-full size-full wp-image-3223\" alt=\"Visitas guiadas Valencia, gu\u00eda oficial de turismo Valencia\" srcset=\"https:\/\/experience-valencia.com\/wp-content\/uploads\/2019\/04\/Visitas-guiadas-valencia-guia-oficial-de-turismo.jpg 1600w, https:\/\/experience-valencia.com\/wp-content\/uploads\/2019\/04\/Visitas-guiadas-valencia-guia-oficial-de-turismo-300x200.jpg 300w, https:\/\/experience-valencia.com\/wp-content\/uploads\/2019\/04\/Visitas-guiadas-valencia-guia-oficial-de-turismo-768x512.jpg 768w, https:\/\/experience-valencia.com\/wp-content\/uploads\/2019\/04\/Visitas-guiadas-valencia-guia-oficial-de-turismo-1024x683.jpg 1024w, https:\/\/experience-valencia.com\/wp-content\/uploads\/2019\/04\/Visitas-guiadas-valencia-guia-oficial-de-turismo-700x467.jpg 700w\" sizes=\"(max-width: 1600px) 100vw, 1600px\" \/>\t\t\t\t\t\t\t\t\t\t\t\t\t\t\t<\/div>\n\t\t\t\t<\/div>\n\t\t\t\t\t<\/div>\n\t\t<\/div>\n\t\t\t\t\t<\/div>\n\t\t<\/section>\n\t\t\t\t<\/div>\n\t\t","protected":false},"excerpt":{"rendered":"<p>AGENZIE DI VIAGGI ED AZIENDE INFORMAZIONE Se avete scelto la citt\u00e0 di Valencia come prossima destinazione, noi di Valencia Experience ti possiamo aiutare con tutto il necessario per portare a termine la tua proposta. Puntiamo su un servizio di ALTA qualit\u00e0, siamo nativi e conosciamo la citt\u00e0 in prima persona in modo da poterti offrire l&#8217;opzione che meglio si adatta a ci\u00f2 che stai cercando. Sar\u00e0 un piacere consigliarti. Non esitare a metterti in contatto con noi e a parlarci di quello che desideri e che stai cercando, ci metteremo al lavoro in modo di creare la migliore esperienza che&#8230;<\/p>\n","protected":false},"author":1,"featured_media":0,"parent":0,"menu_order":0,"comment_status":"closed","ping_status":"closed","template":"full_width.php","meta":{"footnotes":""},"class_list":["post-1203","page","type-page","status-publish","hentry"],"_links":{"self":[{"href":"https:\/\/experience-valencia.com\/it\/wp-json\/wp\/v2\/pages\/1203","targetHints":{"allow":["GET"]}}],"collection":[{"href":"https:\/\/experience-valencia.com\/it\/wp-json\/wp\/v2\/pages"}],"about":[{"href":"https:\/\/experience-valencia.com\/it\/wp-json\/wp\/v2\/types\/page"}],"author":[{"embeddable":true,"href":"https:\/\/experience-valencia.com\/it\/wp-json\/wp\/v2\/users\/1"}],"replies":[{"embeddable":true,"href":"https:\/\/experience-valencia.com\/it\/wp-json\/wp\/v2\/comments?post=1203"}],"version-history":[{"count":13,"href":"https:\/\/experience-valencia.com\/it\/wp-json\/wp\/v2\/pages\/1203\/revisions"}],"predecessor-version":[{"id":4025,"href":"https:\/\/experience-valencia.com\/it\/wp-json\/wp\/v2\/pages\/1203\/revisions\/4025"}],"wp:attachment":[{"href":"https:\/\/experience-valencia.com\/it\/wp-json\/wp\/v2\/media?parent=1203"}],"curies":[{"name":"wp","href":"https:\/\/api.w.org\/{rel}","templated":true}]}}