{"id":1193,"date":"2018-10-08T14:04:30","date_gmt":"2018-10-08T14:04:30","guid":{"rendered":"https:\/\/experience-valencia.com\/en-patinete\/"},"modified":"2021-02-25T18:13:00","modified_gmt":"2021-02-25T18:13:00","slug":"en-patinete","status":"publish","type":"page","link":"https:\/\/experience-valencia.com\/it\/rutas-por-valencia\/en-patinete\/","title":{"rendered":"Tour in bicicletta + Monopattino"},"content":{"rendered":"\t\t<div data-elementor-type=\"wp-post\" data-elementor-id=\"1193\" class=\"elementor elementor-1193 elementor-363\" data-elementor-post-type=\"page\">\n\t\t\t\t\t\t<section class=\"elementor-section elementor-top-section elementor-element elementor-element-1a0c7ad elementor-section-full_width elementor-section-height-default elementor-section-height-default\" data-id=\"1a0c7ad\" data-element_type=\"section\" data-e-type=\"section\">\n\t\t\t\t\t\t<div class=\"elementor-container elementor-column-gap-no\">\n\t\t\t\t\t<div class=\"elementor-column elementor-col-100 elementor-top-column elementor-element elementor-element-bb94683\" data-id=\"bb94683\" data-element_type=\"column\" data-e-type=\"column\">\n\t\t\t<div class=\"elementor-widget-wrap elementor-element-populated\">\n\t\t\t\t\t\t<div class=\"elementor-element elementor-element-b1d946d dce_masking-none elementor-widget elementor-widget-image\" data-id=\"b1d946d\" data-element_type=\"widget\" data-e-type=\"widget\" data-widget_type=\"image.default\">\n\t\t\t\t<div class=\"elementor-widget-container\">\n\t\t\t\t\t\t\t\t\t\t\t\t\t\t\t<img fetchpriority=\"high\" decoding=\"async\" width=\"1920\" height=\"599\" src=\"https:\/\/experience-valencia.com\/wp-content\/uploads\/2018\/11\/patinete.jpg\" class=\"attachment-full size-full wp-image-774\" alt=\"Visita guiadas patinete Valencia. Gu\u00eda de turismo Valencia\" srcset=\"https:\/\/experience-valencia.com\/wp-content\/uploads\/2018\/11\/patinete.jpg 1920w, https:\/\/experience-valencia.com\/wp-content\/uploads\/2018\/11\/patinete-300x94.jpg 300w, https:\/\/experience-valencia.com\/wp-content\/uploads\/2018\/11\/patinete-768x240.jpg 768w, https:\/\/experience-valencia.com\/wp-content\/uploads\/2018\/11\/patinete-1024x319.jpg 1024w, https:\/\/experience-valencia.com\/wp-content\/uploads\/2018\/11\/patinete-700x218.jpg 700w\" sizes=\"(max-width: 1920px) 100vw, 1920px\" \/>\t\t\t\t\t\t\t\t\t\t\t\t\t\t\t<\/div>\n\t\t\t\t<\/div>\n\t\t\t\t\t<\/div>\n\t\t<\/div>\n\t\t\t\t\t<\/div>\n\t\t<\/section>\n\t\t\t\t<section data-dce-background-color=\"#bcaf9c\" class=\"elementor-section elementor-top-section elementor-element elementor-element-c873163 elementor-section-boxed elementor-section-height-default elementor-section-height-default\" data-id=\"c873163\" data-element_type=\"section\" data-e-type=\"section\" data-settings=\"{&quot;background_background&quot;:&quot;classic&quot;}\">\n\t\t\t\t\t\t<div class=\"elementor-container elementor-column-gap-default\">\n\t\t\t\t\t<div class=\"elementor-column elementor-col-100 elementor-top-column elementor-element elementor-element-92c1e12\" data-id=\"92c1e12\" data-element_type=\"column\" data-e-type=\"column\">\n\t\t\t<div class=\"elementor-widget-wrap elementor-element-populated\">\n\t\t\t\t\t\t<div class=\"elementor-element elementor-element-a9a053d elementor-widget elementor-widget-text-editor\" data-id=\"a9a053d\" data-element_type=\"widget\" data-e-type=\"widget\" data-widget_type=\"text-editor.default\">\n\t\t\t\t<div class=\"elementor-widget-container\">\n\t\t\t\t\t\t\t\t\t<h2><span style=\"color: #ffffff;\">TOUR IN BICICLETTA + TRAMONTO IN CATAMARANO<\/span><\/h2>\t\t\t\t\t\t\t\t<\/div>\n\t\t\t\t<\/div>\n\t\t\t\t\t<\/div>\n\t\t<\/div>\n\t\t\t\t\t<\/div>\n\t\t<\/section>\n\t\t\t\t<section data-dce-background-color=\"#e8e8e8\" class=\"elementor-section elementor-top-section elementor-element elementor-element-1aa4856 elementor-section-boxed elementor-section-height-default elementor-section-height-default\" data-id=\"1aa4856\" data-element_type=\"section\" data-e-type=\"section\" data-settings=\"{&quot;background_background&quot;:&quot;classic&quot;}\">\n\t\t\t\t\t\t<div class=\"elementor-container elementor-column-gap-default\">\n\t\t\t\t\t<div data-dce-background-color=\"#ffffff\" class=\"elementor-column elementor-col-66 elementor-top-column elementor-element elementor-element-ff5d9ad\" data-id=\"ff5d9ad\" data-element_type=\"column\" data-e-type=\"column\" data-settings=\"{&quot;background_background&quot;:&quot;classic&quot;}\">\n\t\t\t<div class=\"elementor-widget-wrap elementor-element-populated\">\n\t\t\t\t\t\t<section class=\"elementor-section elementor-inner-section elementor-element elementor-element-31ce543 elementor-section-boxed elementor-section-height-default elementor-section-height-default\" data-id=\"31ce543\" data-element_type=\"section\" data-e-type=\"section\">\n\t\t\t\t\t\t<div class=\"elementor-container elementor-column-gap-default\">\n\t\t\t\t\t<div class=\"elementor-column elementor-col-50 elementor-inner-column elementor-element elementor-element-872882d\" data-id=\"872882d\" data-element_type=\"column\" data-e-type=\"column\">\n\t\t\t<div class=\"elementor-widget-wrap elementor-element-populated\">\n\t\t\t\t\t\t<div class=\"elementor-element elementor-element-3505f1e visita elementor-widget elementor-widget-text-editor\" data-id=\"3505f1e\" data-element_type=\"widget\" data-e-type=\"widget\" data-widget_type=\"text-editor.default\">\n\t\t\t\t<div class=\"elementor-widget-container\">\n\t\t\t\t\t\t\t\t\t<p><strong>Descrizione della visita<\/strong><\/p>\t\t\t\t\t\t\t\t<\/div>\n\t\t\t\t<\/div>\n\t\t\t\t\t<\/div>\n\t\t<\/div>\n\t\t\t\t<div class=\"elementor-column elementor-col-50 elementor-inner-column elementor-element elementor-element-359cedb\" data-id=\"359cedb\" data-element_type=\"column\" data-e-type=\"column\">\n\t\t\t<div class=\"elementor-widget-wrap elementor-element-populated\">\n\t\t\t\t\t\t<div class=\"elementor-element elementor-element-0f36985 elementor-align-start elementor-icon-list--layout-traditional elementor-list-item-link-full_width elementor-widget elementor-widget-icon-list\" data-id=\"0f36985\" data-element_type=\"widget\" data-e-type=\"widget\" data-widget_type=\"icon-list.default\">\n\t\t\t\t<div class=\"elementor-widget-container\">\n\t\t\t\t\t\t\t<ul class=\"elementor-icon-list-items\">\n\t\t\t\t\t\t\t<li class=\"elementor-icon-list-item\">\n\t\t\t\t\t\t\t\t\t\t\t<span class=\"elementor-icon-list-icon\">\n\t\t\t\t\t\t\t\t\t\t\t\t\t\t\t\t<i class=\"fa fa-clock-o\" aria-hidden=\"true\"><\/i>\n\t\t\t\t\t\t\t\t\t\t\t\t\t<\/span>\n\t\t\t\t\t\t\t\t\t\t<span class=\"elementor-icon-list-text\">6h<\/span>\n\t\t\t\t\t\t\t\t\t<\/li>\n\t\t\t\t\t\t<\/ul>\n\t\t\t\t\t\t<\/div>\n\t\t\t\t<\/div>\n\t\t\t\t\t<\/div>\n\t\t<\/div>\n\t\t\t\t\t<\/div>\n\t\t<\/section>\n\t\t\t\t<div class=\"elementor-element elementor-element-7c0453d elementor-widget elementor-widget-text-editor\" data-id=\"7c0453d\" data-element_type=\"widget\" data-e-type=\"widget\" data-widget_type=\"text-editor.default\">\n\t\t\t\t<div class=\"elementor-widget-container\">\n\t\t\t\t\t\t\t\t\t<p>Unisci il tour &#8216;Valencia in bicicletta&#8217; con il miglior paesaggio che si possa vedere dal mare: Valencia al tramonto. Un tour speciale dove sar\u00e0 possibile conoscere la citt\u00e0 sia utilizzando le due ruote sia attraverso un catamarano e scoprirne cos\u00ec i suoi contrasti e la sua bellezza.<\/p><p><strong>Cosa vedremo<\/strong><\/p><p>In questo tour visiteremo:<\/p><ul><li>Torri di Serrano<\/li><li>Giardini del fiume Turia<\/li><li>Citt\u00e0 delle Arti e delle Scienze<\/li><li>Zona marittima<\/li><li>Comprende il giro in catamarano all&#8217;ora del tramonto (meteo?)\/ biciclette<\/li><\/ul>\t\t\t\t\t\t\t\t<\/div>\n\t\t\t\t<\/div>\n\t\t\t\t\t<\/div>\n\t\t<\/div>\n\t\t\t\t<div class=\"elementor-column elementor-col-33 elementor-top-column elementor-element elementor-element-a328d61\" data-id=\"a328d61\" data-element_type=\"column\" data-e-type=\"column\">\n\t\t\t<div class=\"elementor-widget-wrap elementor-element-populated\">\n\t\t\t\t\t\t<div class=\"elementor-element elementor-element-907990a elementor-widget elementor-widget-html\" data-id=\"907990a\" data-element_type=\"widget\" data-e-type=\"widget\" data-widget_type=\"html.default\">\n\t\t\t\t<div class=\"elementor-widget-container\">\n\t\t\t\t\t<center><script type=\"text\/javascript\" src=\"https:\/\/ticketing.tripadmit.com\/js\/bookNow.js\"><\/script>\r\n<div id=\"ta-book-cont\"><iframe id=\"ta-book-now-btn\" width=\"190px\" height=\"68px\" style=\"margin:auto;width:100%;height:68px;border:unset;\" src=\"https:\/\/ticketing.tripadmit.com\/booknow?tourId=60367eb586264b61fcb6fa88\"><\/iframe><\/div><\/center>\t\t\t\t<\/div>\n\t\t\t\t<\/div>\n\t\t\t\t<div class=\"elementor-element elementor-element-6f15438 elementor-widget elementor-widget-wp-widget-wpforms-widget\" data-id=\"6f15438\" data-element_type=\"widget\" data-e-type=\"widget\" data-widget_type=\"wp-widget-wpforms-widget.default\">\n\t\t\t\t<div class=\"elementor-widget-container\">\n\t\t\t\t\t<div class=\"wpforms-container wpforms-container-full\" id=\"wpforms-2012\"><form id=\"wpforms-form-2012\" class=\"wpforms-validate wpforms-form\" data-formid=\"2012\" method=\"post\" enctype=\"multipart\/form-data\" action=\"\/it\/wp-json\/wp\/v2\/pages\/1193\" data-token=\"e8f24f37e4c36c1634461a383d4d0cf3\" data-token-time=\"1776835133\"><noscript class=\"wpforms-error-noscript\">Abilita JavaScript nel browser per completare questo modulo.<\/noscript><div class=\"wpforms-field-container\"><div id=\"wpforms-2012-field_0-container\" class=\"wpforms-field wpforms-field-name\" data-field-id=\"0\"><label class=\"wpforms-field-label\" for=\"wpforms-2012-field_0\">Nome <span class=\"wpforms-required-label\">*<\/span><\/label><input type=\"text\" id=\"wpforms-2012-field_0\" class=\"wpforms-field-large wpforms-field-required\" name=\"wpforms[fields][0]\" required><\/div><div id=\"wpforms-2012-field_1-container\" class=\"wpforms-field wpforms-field-email\" data-field-id=\"1\"><label class=\"wpforms-field-label\" for=\"wpforms-2012-field_1\">Email <span class=\"wpforms-required-label\">*<\/span><\/label><input type=\"email\" id=\"wpforms-2012-field_1\" class=\"wpforms-field-large wpforms-field-required\" name=\"wpforms[fields][1]\" spellcheck=\"false\" required><\/div><div id=\"wpforms-2012-field_3-container\" class=\"wpforms-field wpforms-field-select\" data-field-id=\"3\"><label class=\"wpforms-field-label\" for=\"wpforms-2012-field_3\">In quale servizio sei interessato?<\/label><select id=\"wpforms-2012-field_3\" class=\"wpforms-field-large\" name=\"wpforms[fields][3]\"><option value=\"Valencia centro storico\"  class=\"choice-1 depth-1\"  >Valencia centro storico<\/option><option value=\"Citt\u00e0 dell\u2019Arti e delle Scienza\"  class=\"choice-2 depth-1\"  >Citt\u00e0 dell\u2019Arti e delle Scienza<\/option><option value=\"Valencia su due route\"  class=\"choice-3 depth-1\"  >Valencia su due route<\/option><option value=\"Valencia e dintorni\"  class=\"choice-4 depth-1\"  >Valencia e dintorni<\/option><option value=\"Valencia alrededores\"  class=\"choice-5 depth-1\"  >Valencia alrededores<\/option><\/select><\/div><div id=\"wpforms-2012-field_2-container\" class=\"wpforms-field wpforms-field-textarea\" data-field-id=\"2\"><label class=\"wpforms-field-label\" for=\"wpforms-2012-field_2\">Messaggio <span class=\"wpforms-required-label\">*<\/span><\/label><textarea id=\"wpforms-2012-field_2\" class=\"wpforms-field-medium wpforms-field-required\" name=\"wpforms[fields][2]\" required><\/textarea><\/div><\/div><!-- .wpforms-field-container --><div class=\"wpforms-field wpforms-field-hp\"><label for=\"wpforms-2012-field-hp\" class=\"wpforms-field-label\">Comment<\/label><input type=\"text\" name=\"wpforms[hp]\" id=\"wpforms-2012-field-hp\" class=\"wpforms-field-medium\"><\/div><div class=\"wpforms-submit-container\" ><input type=\"hidden\" name=\"wpforms[id]\" value=\"2012\"><input type=\"hidden\" name=\"page_title\" value=\"\"><input type=\"hidden\" name=\"page_url\" value=\"https:\/\/experience-valencia.com\/it\/wp-json\/wp\/v2\/pages\/1193\"><input type=\"hidden\" name=\"url_referer\" value=\"\"><button type=\"submit\" name=\"wpforms[submit]\" id=\"wpforms-submit-2012\" class=\"wpforms-submit\" data-alt-text=\"Invio...\" data-submit-text=\"Inviare\" aria-live=\"assertive\" value=\"wpforms-submit\">Inviare<\/button><\/div><\/form><\/div>  <!-- .wpforms-container -->\t\t\t\t<\/div>\n\t\t\t\t<\/div>\n\t\t\t\t\t<\/div>\n\t\t<\/div>\n\t\t\t\t\t<\/div>\n\t\t<\/section>\n\t\t\t\t<\/div>\n\t\t","protected":false},"excerpt":{"rendered":"<p>TOUR IN BICICLETTA + TRAMONTO IN CATAMARANO Descrizione della visita 6h Unisci il tour &#8216;Valencia in bicicletta&#8217; con il miglior paesaggio che si possa vedere dal mare: Valencia al tramonto. Un tour speciale dove sar\u00e0 possibile conoscere la citt\u00e0 sia utilizzando le due ruote sia attraverso un catamarano e scoprirne cos\u00ec i suoi contrasti e la sua bellezza. Cosa vedremo In questo tour visiteremo: Torri di Serrano Giardini del fiume Turia Citt\u00e0 delle Arti e delle Scienze Zona marittima Comprende il giro in catamarano all&#8217;ora del tramonto (meteo?)\/ biciclette<\/p>\n","protected":false},"author":1,"featured_media":0,"parent":2035,"menu_order":0,"comment_status":"closed","ping_status":"closed","template":"full_width.php","meta":{"footnotes":""},"class_list":["post-1193","page","type-page","status-publish","hentry"],"_links":{"self":[{"href":"https:\/\/experience-valencia.com\/it\/wp-json\/wp\/v2\/pages\/1193","targetHints":{"allow":["GET"]}}],"collection":[{"href":"https:\/\/experience-valencia.com\/it\/wp-json\/wp\/v2\/pages"}],"about":[{"href":"https:\/\/experience-valencia.com\/it\/wp-json\/wp\/v2\/types\/page"}],"author":[{"embeddable":true,"href":"https:\/\/experience-valencia.com\/it\/wp-json\/wp\/v2\/users\/1"}],"replies":[{"embeddable":true,"href":"https:\/\/experience-valencia.com\/it\/wp-json\/wp\/v2\/comments?post=1193"}],"version-history":[{"count":11,"href":"https:\/\/experience-valencia.com\/it\/wp-json\/wp\/v2\/pages\/1193\/revisions"}],"predecessor-version":[{"id":5265,"href":"https:\/\/experience-valencia.com\/it\/wp-json\/wp\/v2\/pages\/1193\/revisions\/5265"}],"up":[{"embeddable":true,"href":"https:\/\/experience-valencia.com\/it\/wp-json\/wp\/v2\/pages\/2035"}],"wp:attachment":[{"href":"https:\/\/experience-valencia.com\/it\/wp-json\/wp\/v2\/media?parent=1193"}],"curies":[{"name":"wp","href":"https:\/\/api.w.org\/{rel}","templated":true}]}}