{"id":1041,"date":"2018-08-16T09:47:03","date_gmt":"2018-08-16T09:47:03","guid":{"rendered":"https:\/\/experience-valencia.com\/agencias-y-empresas\/"},"modified":"2020-02-12T19:35:17","modified_gmt":"2020-02-12T19:35:17","slug":"events-in-valencia-business","status":"publish","type":"page","link":"https:\/\/experience-valencia.com\/en\/events-in-valencia-business\/","title":{"rendered":"Business"},"content":{"rendered":"\t\t<div data-elementor-type=\"wp-post\" data-elementor-id=\"1041\" class=\"elementor elementor-1041 elementor-223\" data-elementor-post-type=\"page\">\n\t\t\t\t\t\t<section class=\"elementor-section elementor-top-section elementor-element elementor-element-6763799 elementor-section-full_width elementor-section-height-default elementor-section-height-default\" data-id=\"6763799\" data-element_type=\"section\" data-e-type=\"section\">\n\t\t\t\t\t\t<div class=\"elementor-container elementor-column-gap-no\">\n\t\t\t\t\t<div class=\"elementor-column elementor-col-100 elementor-top-column elementor-element elementor-element-d07f5ba\" data-id=\"d07f5ba\" data-element_type=\"column\" data-e-type=\"column\">\n\t\t\t<div class=\"elementor-widget-wrap elementor-element-populated\">\n\t\t\t\t\t\t<div class=\"elementor-element elementor-element-1d60649 dce_masking-none elementor-widget elementor-widget-image\" data-id=\"1d60649\" data-element_type=\"widget\" data-e-type=\"widget\" data-widget_type=\"image.default\">\n\t\t\t\t<div class=\"elementor-widget-container\">\n\t\t\t\t\t\t\t\t\t\t\t\t\t\t\t<img fetchpriority=\"high\" decoding=\"async\" width=\"1920\" height=\"600\" src=\"https:\/\/experience-valencia.com\/wp-content\/uploads\/2018\/11\/agencias-y-empresas.jpg\" class=\"attachment-full size-full wp-image-903\" alt=\"organizaci\u00f3n de eventos valencia\" srcset=\"https:\/\/experience-valencia.com\/wp-content\/uploads\/2018\/11\/agencias-y-empresas.jpg 1920w, https:\/\/experience-valencia.com\/wp-content\/uploads\/2018\/11\/agencias-y-empresas-300x94.jpg 300w, https:\/\/experience-valencia.com\/wp-content\/uploads\/2018\/11\/agencias-y-empresas-768x240.jpg 768w, https:\/\/experience-valencia.com\/wp-content\/uploads\/2018\/11\/agencias-y-empresas-1024x320.jpg 1024w, https:\/\/experience-valencia.com\/wp-content\/uploads\/2018\/11\/agencias-y-empresas-700x219.jpg 700w\" sizes=\"(max-width: 1920px) 100vw, 1920px\" \/>\t\t\t\t\t\t\t\t\t\t\t\t\t\t\t<\/div>\n\t\t\t\t<\/div>\n\t\t\t\t\t<\/div>\n\t\t<\/div>\n\t\t\t\t\t<\/div>\n\t\t<\/section>\n\t\t\t\t<section data-dce-background-color=\"#bcaf9c\" class=\"elementor-section elementor-top-section elementor-element elementor-element-9742487 elementor-section-boxed elementor-section-height-default elementor-section-height-default\" data-id=\"9742487\" data-element_type=\"section\" data-e-type=\"section\" data-settings=\"{&quot;background_background&quot;:&quot;classic&quot;}\">\n\t\t\t\t\t\t<div class=\"elementor-container elementor-column-gap-default\">\n\t\t\t\t\t<div class=\"elementor-column elementor-col-100 elementor-top-column elementor-element elementor-element-81ffa95\" data-id=\"81ffa95\" data-element_type=\"column\" data-e-type=\"column\">\n\t\t\t<div class=\"elementor-widget-wrap elementor-element-populated\">\n\t\t\t\t\t\t<div class=\"elementor-element elementor-element-b2ee449 elementor-widget elementor-widget-text-editor\" data-id=\"b2ee449\" data-element_type=\"widget\" data-e-type=\"widget\" data-widget_type=\"text-editor.default\">\n\t\t\t\t<div class=\"elementor-widget-container\">\n\t\t\t\t\t\t\t\t\t<h2><span style=\"color: #ffffff;\">to travel AGENCIES AND COMPANIES<\/span><\/h2>\t\t\t\t\t\t\t\t<\/div>\n\t\t\t\t<\/div>\n\t\t\t\t\t<\/div>\n\t\t<\/div>\n\t\t\t\t\t<\/div>\n\t\t<\/section>\n\t\t\t\t<section data-dce-background-color=\"#e8e8e8\" class=\"elementor-section elementor-top-section elementor-element elementor-element-36120fc elementor-section-boxed elementor-section-height-default elementor-section-height-default\" data-id=\"36120fc\" data-element_type=\"section\" data-e-type=\"section\" data-settings=\"{&quot;background_background&quot;:&quot;classic&quot;}\">\n\t\t\t\t\t\t<div class=\"elementor-container elementor-column-gap-default\">\n\t\t\t\t\t<div data-dce-background-color=\"#ffffff\" class=\"elementor-column elementor-col-50 elementor-top-column elementor-element elementor-element-8945dff\" data-id=\"8945dff\" data-element_type=\"column\" data-e-type=\"column\" data-settings=\"{&quot;background_background&quot;:&quot;classic&quot;}\">\n\t\t\t<div class=\"elementor-widget-wrap elementor-element-populated\">\n\t\t\t\t\t\t<div class=\"elementor-element elementor-element-cfd9b8e visita elementor-widget elementor-widget-text-editor\" data-id=\"cfd9b8e\" data-element_type=\"widget\" data-e-type=\"widget\" data-widget_type=\"text-editor.default\">\n\t\t\t\t<div class=\"elementor-widget-container\">\n\t\t\t\t\t\t\t\t\t<p><strong>INFORMATION<br \/><\/strong><\/p>\t\t\t\t\t\t\t\t<\/div>\n\t\t\t\t<\/div>\n\t\t\t\t<div class=\"elementor-element elementor-element-a2be49c elementor-widget elementor-widget-text-editor\" data-id=\"a2be49c\" data-element_type=\"widget\" data-e-type=\"widget\" data-widget_type=\"text-editor.default\">\n\t\t\t\t<div class=\"elementor-widget-container\">\n\t\t\t\t\t\t\t\t\tIf the city of Valencia is your next destination, at Experience Valencia we\u2019re here to help you with everything you need to make sure you get your desires.\nWe know the city of Valencia firsthand and deliver a high quality service to offer you the best solution to your needs. It will be an honor to advise you. Don\u2019t doubt in telling us about your proposal, we will start creating the best experience for you.\t\t\t\t\t\t\t\t<\/div>\n\t\t\t\t<\/div>\n\t\t\t\t<section class=\"elementor-section elementor-inner-section elementor-element elementor-element-130dd8f elementor-section-boxed elementor-section-height-default elementor-section-height-default\" data-id=\"130dd8f\" data-element_type=\"section\" data-e-type=\"section\">\n\t\t\t\t\t\t<div class=\"elementor-container elementor-column-gap-default\">\n\t\t\t\t\t<div class=\"elementor-column elementor-col-33 elementor-inner-column elementor-element elementor-element-8f06da7\" data-id=\"8f06da7\" data-element_type=\"column\" data-e-type=\"column\">\n\t\t\t<div class=\"elementor-widget-wrap elementor-element-populated\">\n\t\t\t\t\t\t<div class=\"elementor-element elementor-element-7a8388b dce_masking-none elementor-widget elementor-widget-image\" data-id=\"7a8388b\" data-element_type=\"widget\" data-e-type=\"widget\" data-widget_type=\"image.default\">\n\t\t\t\t<div class=\"elementor-widget-container\">\n\t\t\t\t\t\t\t\t\t\t\t\t\t\t\t<img decoding=\"async\" src=\"https:\/\/experience-valencia.com\/wp-content\/uploads\/elementor\/thumbs\/tours-a-medida-q0kmvxrrcsok05o58dayui9mgkvsb9u3713a9h7d0w.png\" title=\"tours-a-medida\" alt=\"tours-a-medida\" loading=\"lazy\" \/>\t\t\t\t\t\t\t\t\t\t\t\t\t\t\t<\/div>\n\t\t\t\t<\/div>\n\t\t\t\t<div class=\"elementor-element elementor-element-1491e4f elementor-widget elementor-widget-text-editor\" data-id=\"1491e4f\" data-element_type=\"widget\" data-e-type=\"widget\" data-widget_type=\"text-editor.default\">\n\t\t\t\t<div class=\"elementor-widget-container\">\n\t\t\t\t\t\t\t\t\t<h4 style=\"text-align: center;\">MADE TO SUIT YOU<\/h4><p style=\"text-align: center;\">Tours for cruise lovers<\/p><p style=\"text-align: center;\">Tours designed for congressmen<\/p><p style=\"text-align: center;\">Tours for incentives<\/p><p style=\"text-align: center;\">Inspection visits<\/p><p style=\"text-align: center;\">Private events: company parties, private parties, birthdays, weddings, celebrations\u2026<\/p><p style=\"text-align: center;\">Organized Team Buildings<\/p>\t\t\t\t\t\t\t\t<\/div>\n\t\t\t\t<\/div>\n\t\t\t\t\t<\/div>\n\t\t<\/div>\n\t\t\t\t<div class=\"elementor-column elementor-col-33 elementor-inner-column elementor-element elementor-element-8367f6d\" data-id=\"8367f6d\" data-element_type=\"column\" data-e-type=\"column\">\n\t\t\t<div class=\"elementor-widget-wrap elementor-element-populated\">\n\t\t\t\t\t\t<div class=\"elementor-element elementor-element-d75ce45 dce_masking-none elementor-widget elementor-widget-image\" data-id=\"d75ce45\" data-element_type=\"widget\" data-e-type=\"widget\" data-widget_type=\"image.default\">\n\t\t\t\t<div class=\"elementor-widget-container\">\n\t\t\t\t\t\t\t\t\t\t\t\t\t\t\t<img decoding=\"async\" src=\"https:\/\/experience-valencia.com\/wp-content\/uploads\/elementor\/thumbs\/gestion-tours-q0kmvr6w0yfjqvxpasgkv1xeavs7te3yu4ivwjh48g.png\" title=\"gestion-tours\" alt=\"gestion-tours\" loading=\"lazy\" \/>\t\t\t\t\t\t\t\t\t\t\t\t\t\t\t<\/div>\n\t\t\t\t<\/div>\n\t\t\t\t<div class=\"elementor-element elementor-element-1de4a79 elementor-widget elementor-widget-text-editor\" data-id=\"1de4a79\" data-element_type=\"widget\" data-e-type=\"widget\" data-widget_type=\"text-editor.default\">\n\t\t\t\t<div class=\"elementor-widget-container\">\n\t\t\t\t\t\t\t\t\t<h4 style=\"text-align: center;\">MANAGMENT<\/h4><p style=\"text-align: center;\">Management of museum tickets and other tourist attractions.<\/p><p style=\"text-align: center;\">Rent radio guide tours<\/p><p style=\"text-align: center;\">Design and preparation of gifts, baskets\u2026.<\/p><p style=\"text-align: center;\">Ambience and decoration for Events<\/p>\t\t\t\t\t\t\t\t<\/div>\n\t\t\t\t<\/div>\n\t\t\t\t\t<\/div>\n\t\t<\/div>\n\t\t\t\t<div class=\"elementor-column elementor-col-33 elementor-inner-column elementor-element elementor-element-b4f6408\" data-id=\"b4f6408\" data-element_type=\"column\" data-e-type=\"column\">\n\t\t\t<div class=\"elementor-widget-wrap elementor-element-populated\">\n\t\t\t\t\t\t<div class=\"elementor-element elementor-element-7d2822c dce_masking-none elementor-widget elementor-widget-image\" data-id=\"7d2822c\" data-element_type=\"widget\" data-e-type=\"widget\" data-widget_type=\"image.default\">\n\t\t\t\t<div class=\"elementor-widget-container\">\n\t\t\t\t\t\t\t\t\t\t\t\t\t\t\t<img decoding=\"async\" src=\"https:\/\/experience-valencia.com\/wp-content\/uploads\/elementor\/thumbs\/asistencia-q0kmvhsi4m2oisbctoeb64asd12jof2ngu013rv1yo.png\" title=\"asistencia\" alt=\"asistencia\" loading=\"lazy\" \/>\t\t\t\t\t\t\t\t\t\t\t\t\t\t\t<\/div>\n\t\t\t\t<\/div>\n\t\t\t\t<div class=\"elementor-element elementor-element-42c28e8 elementor-widget elementor-widget-text-editor\" data-id=\"42c28e8\" data-element_type=\"widget\" data-e-type=\"widget\" data-widget_type=\"text-editor.default\">\n\t\t\t\t<div class=\"elementor-widget-container\">\n\t\t\t\t\t\t\t\t\t<h4 style=\"text-align: center;\">ASSISTANCE<\/h4><p style=\"text-align: center;\">Assistances with dinners and suppers.<\/p><p style=\"text-align: center;\">Assistances at the airport\/the docks\/ train stations and transfers<\/p><p style=\"text-align: center;\">Coordination of the event in situ<\/p><p style=\"text-align: center;\">Hospitality Desk<\/p>\t\t\t\t\t\t\t\t<\/div>\n\t\t\t\t<\/div>\n\t\t\t\t\t<\/div>\n\t\t<\/div>\n\t\t\t\t\t<\/div>\n\t\t<\/section>\n\t\t\t\t\t<\/div>\n\t\t<\/div>\n\t\t\t\t<div class=\"elementor-column elementor-col-50 elementor-top-column elementor-element elementor-element-b839524\" data-id=\"b839524\" data-element_type=\"column\" data-e-type=\"column\">\n\t\t\t<div class=\"elementor-widget-wrap elementor-element-populated\">\n\t\t\t\t\t\t<div class=\"elementor-element elementor-element-68b9e47 elementor-widget elementor-widget-text-editor\" data-id=\"68b9e47\" data-element_type=\"widget\" data-e-type=\"widget\" data-widget_type=\"text-editor.default\">\n\t\t\t\t<div class=\"elementor-widget-container\">\n\t\t\t\t\t\t\t\t\t<h2><strong>WHAT ARE YOU WAITING FOR TO COME TO VALENCIA<\/strong><\/h2>\t\t\t\t\t\t\t\t<\/div>\n\t\t\t\t<\/div>\n\t\t\t\t<div class=\"elementor-element elementor-element-23e0c3e form_portada elementor-widget elementor-widget-wp-widget-wpforms-widget\" data-id=\"23e0c3e\" data-element_type=\"widget\" data-e-type=\"widget\" data-widget_type=\"wp-widget-wpforms-widget.default\">\n\t\t\t\t<div class=\"elementor-widget-container\">\n\t\t\t\t\t<div class=\"wpforms-container wpforms-container-full\" id=\"wpforms-2013\"><form id=\"wpforms-form-2013\" class=\"wpforms-validate wpforms-form\" data-formid=\"2013\" method=\"post\" enctype=\"multipart\/form-data\" action=\"\/en\/wp-json\/wp\/v2\/pages\/1041\" data-token=\"b9e99de7e0a4732f31ae6f0765edc00e\" data-token-time=\"1775526270\"><noscript class=\"wpforms-error-noscript\">Please enable JavaScript in your browser to complete this form.<\/noscript><div class=\"wpforms-field-container\"><div id=\"wpforms-2013-field_0-container\" class=\"wpforms-field wpforms-field-name\" data-field-id=\"0\"><label class=\"wpforms-field-label\" for=\"wpforms-2013-field_0\">Name <span class=\"wpforms-required-label\">*<\/span><\/label><input type=\"text\" id=\"wpforms-2013-field_0\" class=\"wpforms-field-large wpforms-field-required\" name=\"wpforms[fields][0]\" required><\/div><div id=\"wpforms-2013-field_1-container\" class=\"wpforms-field wpforms-field-email\" data-field-id=\"1\"><label class=\"wpforms-field-label\" for=\"wpforms-2013-field_1\">Email <span class=\"wpforms-required-label\">*<\/span><\/label><input type=\"email\" id=\"wpforms-2013-field_1\" class=\"wpforms-field-large wpforms-field-required\" name=\"wpforms[fields][1]\" spellcheck=\"false\" required><\/div><div id=\"wpforms-2013-field_3-container\" class=\"wpforms-field wpforms-field-select\" data-field-id=\"3\"><label class=\"wpforms-field-label\" for=\"wpforms-2013-field_3\">What services are you interested in?<\/label><select id=\"wpforms-2013-field_3\" class=\"wpforms-field-large\" name=\"wpforms[fields][3]\"><option value=\"Valencia historical city centre\"  class=\"choice-1 depth-1\"  >Valencia historical city centre<\/option><option value=\"City of Arts and Science\"  class=\"choice-2 depth-1\"  >City of Arts and Science<\/option><option value=\"Valencia on wheels\"  class=\"choice-3 depth-1\"  >Valencia on wheels<\/option><option value=\"Valencian gastronomy\"  class=\"choice-4 depth-1\"  >Valencian gastronomy<\/option><option value=\"Valencia\u00b4s surroundings\"  class=\"choice-5 depth-1\"  >Valencia\u00b4s surroundings<\/option><\/select><\/div><div id=\"wpforms-2013-field_2-container\" class=\"wpforms-field wpforms-field-textarea\" data-field-id=\"2\"><label class=\"wpforms-field-label\" for=\"wpforms-2013-field_2\">Message <span class=\"wpforms-required-label\">*<\/span><\/label><textarea id=\"wpforms-2013-field_2\" class=\"wpforms-field-medium wpforms-field-required\" name=\"wpforms[fields][2]\" required><\/textarea><\/div><\/div><!-- .wpforms-field-container --><div class=\"wpforms-field wpforms-field-hp\"><label for=\"wpforms-2013-field-hp\" class=\"wpforms-field-label\">Comment<\/label><input type=\"text\" name=\"wpforms[hp]\" id=\"wpforms-2013-field-hp\" class=\"wpforms-field-medium\"><\/div><div class=\"wpforms-submit-container\" ><input type=\"hidden\" name=\"wpforms[id]\" value=\"2013\"><input type=\"hidden\" name=\"page_title\" value=\"\"><input type=\"hidden\" name=\"page_url\" value=\"https:\/\/experience-valencia.com\/en\/wp-json\/wp\/v2\/pages\/1041\"><input type=\"hidden\" name=\"url_referer\" value=\"\"><button type=\"submit\" name=\"wpforms[submit]\" id=\"wpforms-submit-2013\" class=\"wpforms-submit\" data-alt-text=\"Sending...\" data-submit-text=\"Send\" aria-live=\"assertive\" value=\"wpforms-submit\">Send<\/button><\/div><\/form><\/div>  <!-- .wpforms-container -->\t\t\t\t<\/div>\n\t\t\t\t<\/div>\n\t\t\t\t<div class=\"elementor-element elementor-element-12a1cab elementor-widget elementor-widget-text-editor\" data-id=\"12a1cab\" data-element_type=\"widget\" data-e-type=\"widget\" data-widget_type=\"text-editor.default\">\n\t\t\t\t<div class=\"elementor-widget-container\">\n\t\t\t\t\t\t\t\t\tTRAVELLERS REVIEWS\t\t\t\t\t\t\t\t<\/div>\n\t\t\t\t<\/div>\n\t\t\t\t<div class=\"elementor-element elementor-element-c17441e elementor-testimonial--skin-default elementor-testimonial--layout-image_inline elementor-testimonial--align-center elementor-arrows-yes elementor-pagination-type-bullets elementor-widget elementor-widget-testimonial-carousel\" data-id=\"c17441e\" data-element_type=\"widget\" data-e-type=\"widget\" data-settings=\"{&quot;show_arrows&quot;:&quot;yes&quot;,&quot;pagination&quot;:&quot;bullets&quot;,&quot;speed&quot;:500,&quot;autoplay&quot;:&quot;yes&quot;,&quot;autoplay_speed&quot;:5000,&quot;loop&quot;:&quot;yes&quot;,&quot;pause_on_hover&quot;:&quot;yes&quot;,&quot;pause_on_interaction&quot;:&quot;yes&quot;,&quot;space_between&quot;:{&quot;unit&quot;:&quot;px&quot;,&quot;size&quot;:10,&quot;sizes&quot;:[]},&quot;space_between_tablet&quot;:{&quot;unit&quot;:&quot;px&quot;,&quot;size&quot;:10,&quot;sizes&quot;:[]},&quot;space_between_mobile&quot;:{&quot;unit&quot;:&quot;px&quot;,&quot;size&quot;:10,&quot;sizes&quot;:[]}}\" data-widget_type=\"testimonial-carousel.default\">\n\t\t\t\t<div class=\"elementor-widget-container\">\n\t\t\t\t\t\t\t\t\t<div class=\"elementor-swiper\">\n\t\t\t\t\t<div class=\"elementor-main-swiper swiper\" role=\"region\" aria-roledescription=\"carousel\" aria-label=\"Slides\">\n\t\t\t\t<div class=\"swiper-wrapper\">\n\t\t\t\t\t\t\t\t\t\t\t<div class=\"swiper-slide\" role=\"group\" aria-roledescription=\"slide\">\n\t\t\t\t\t\t\t\t\t<div class=\"elementor-testimonial\">\n\t\t\t\t\t\t\t<div class=\"elementor-testimonial__content\">\n\t\t\t\t\t<div class=\"elementor-testimonial__text\">\n\t\t\t\t\t\tEstuvimos en Valencia con un par de amigos y nos animamos a contratar un gu\u00eda para conocer mejor la ciudad. La verdad es que fue una gran decisi\u00f3n ya que Anabel adem\u00e1s del conocimiento de la ciudad es un encanto y transmite pasi\u00f3n, confianza y profesionalidad.\n\nSin duda recomendar\u00eda a Anabel a cualquiera que quiera disfrutar de una ciudad como Valencia.\t\t\t\t\t<\/div>\n\t\t\t\t\t\t\t\t\t<\/div>\n\t\t\t\t\t\t<div class=\"elementor-testimonial__footer\">\n\t\t\t\t\t\t\t\t<cite class=\"elementor-testimonial__cite\"><span class=\"elementor-testimonial__name\">Davidcamcas<\/span><span class=\"elementor-testimonial__title\">tripadvisor<\/span><\/cite>\t\t\t<\/div>\n\t\t<\/div>\n\t\t\t\t\t\t\t\t<\/div>\n\t\t\t\t\t\t\t\t\t\t\t<div class=\"swiper-slide\" role=\"group\" aria-roledescription=\"slide\">\n\t\t\t\t\t\t\t\t\t<div class=\"elementor-testimonial\">\n\t\t\t\t\t\t\t<div class=\"elementor-testimonial__content\">\n\t\t\t\t\t<div class=\"elementor-testimonial__text\">\n\t\t\t\t\t\tProfessional and human quality. Excellent service! Totally recommended.\t\t\t\t\t<\/div>\n\t\t\t\t\t\t\t\t\t<\/div>\n\t\t\t\t\t\t<div class=\"elementor-testimonial__footer\">\n\t\t\t\t\t\t\t\t<cite class=\"elementor-testimonial__cite\"><span class=\"elementor-testimonial__name\">Javier Galisteo <\/span><span class=\"elementor-testimonial__title\">facebook<\/span><\/cite>\t\t\t<\/div>\n\t\t<\/div>\n\t\t\t\t\t\t\t\t<\/div>\n\t\t\t\t\t\t\t\t\t\t\t<div class=\"swiper-slide\" role=\"group\" aria-roledescription=\"slide\">\n\t\t\t\t\t\t\t\t\t<div class=\"elementor-testimonial\">\n\t\t\t\t\t\t\t<div class=\"elementor-testimonial__content\">\n\t\t\t\t\t<div class=\"elementor-testimonial__text\">\n\t\t\t\t\t\tEstuvimos en Valencia con un par de amigos y nos animamos a contratar un gu\u00eda para conocer mejor la ciudad. La verdad es que fue una gran decisi\u00f3n ya que Anabel adem\u00e1s del conocimiento de la ciudad es un encanto y transmite pasi\u00f3n, confianza y profesionalidad.\n\nSin duda recomendar\u00eda a Anabel a cualquiera que quiera disfrutar de una ciudad como Valencia.\t\t\t\t\t<\/div>\n\t\t\t\t\t\t\t\t\t<\/div>\n\t\t\t\t\t\t<div class=\"elementor-testimonial__footer\">\n\t\t\t\t\t\t\t\t<cite class=\"elementor-testimonial__cite\"><span class=\"elementor-testimonial__name\">Davidcamcas<\/span><span class=\"elementor-testimonial__title\">tripadvisor<\/span><\/cite>\t\t\t<\/div>\n\t\t<\/div>\n\t\t\t\t\t\t\t\t<\/div>\n\t\t\t\t\t\t\t\t\t\t\t<div class=\"swiper-slide\" role=\"group\" aria-roledescription=\"slide\">\n\t\t\t\t\t\t\t\t\t<div class=\"elementor-testimonial\">\n\t\t\t\t\t\t\t<div class=\"elementor-testimonial__content\">\n\t\t\t\t\t<div class=\"elementor-testimonial__text\">\n\t\t\t\t\t\t\u00c8 la guida ideale.Grande professionalit\u00e0, simpatia e affidabilit\u00e0. Consigliero' senz'altro ad altri gruppi di contattarla per farsi guidare nella visita di Valencia. Grazie.\t\t\t\t\t<\/div>\n\t\t\t\t\t\t\t\t\t<\/div>\n\t\t\t\t\t\t<div class=\"elementor-testimonial__footer\">\n\t\t\t\t\t\t\t\t<cite class=\"elementor-testimonial__cite\"><span class=\"elementor-testimonial__name\">Barra Mario<\/span><span class=\"elementor-testimonial__title\">facebook<\/span><\/cite>\t\t\t<\/div>\n\t\t<\/div>\n\t\t\t\t\t\t\t\t<\/div>\n\t\t\t\t\t\t\t\t\t<\/div>\n\t\t\t\t\t\t\t\t\t\t\t\t\t\t\t<div class=\"elementor-swiper-button elementor-swiper-button-prev\" role=\"button\" tabindex=\"0\" aria-label=\"Previous\">\n\t\t\t\t\t\t\t<i aria-hidden=\"true\" class=\"eicon-chevron-left\"><\/i>\t\t\t\t\t\t<\/div>\n\t\t\t\t\t\t<div class=\"elementor-swiper-button elementor-swiper-button-next\" role=\"button\" tabindex=\"0\" aria-label=\"Next\">\n\t\t\t\t\t\t\t<i aria-hidden=\"true\" class=\"eicon-chevron-right\"><\/i>\t\t\t\t\t\t<\/div>\n\t\t\t\t\t\t\t\t\t\t\t\t\t\t\t\t<div class=\"swiper-pagination\"><\/div>\n\t\t\t\t\t\t\t\t\t\t\t\t<\/div>\n\t\t\t\t<\/div>\n\t\t\t\t\t\t\t\t<\/div>\n\t\t\t\t<\/div>\n\t\t\t\t\t<\/div>\n\t\t<\/div>\n\t\t\t\t\t<\/div>\n\t\t<\/section>\n\t\t\t\t<section class=\"elementor-section elementor-top-section elementor-element elementor-element-2da6021 elementor-section-boxed elementor-section-height-default elementor-section-height-default\" data-id=\"2da6021\" data-element_type=\"section\" data-e-type=\"section\">\n\t\t\t\t\t\t<div class=\"elementor-container elementor-column-gap-default\">\n\t\t\t\t\t<div class=\"elementor-column elementor-col-100 elementor-top-column elementor-element elementor-element-d8b40db\" data-id=\"d8b40db\" data-element_type=\"column\" data-e-type=\"column\">\n\t\t\t<div class=\"elementor-widget-wrap\">\n\t\t\t\t\t\t\t<\/div>\n\t\t<\/div>\n\t\t\t\t\t<\/div>\n\t\t<\/section>\n\t\t\t\t<section class=\"elementor-section elementor-top-section elementor-element elementor-element-fe7ddb5 elementor-section-boxed elementor-section-height-default elementor-section-height-default\" data-id=\"fe7ddb5\" data-element_type=\"section\" data-e-type=\"section\">\n\t\t\t\t\t\t<div class=\"elementor-container elementor-column-gap-default\">\n\t\t\t\t\t<div class=\"elementor-column elementor-col-100 elementor-top-column elementor-element elementor-element-4a37b65\" data-id=\"4a37b65\" data-element_type=\"column\" data-e-type=\"column\">\n\t\t\t<div class=\"elementor-widget-wrap elementor-element-populated\">\n\t\t\t\t\t\t<div class=\"elementor-element elementor-element-75e04d8 dce_masking-none elementor-widget elementor-widget-image\" data-id=\"75e04d8\" data-element_type=\"widget\" data-e-type=\"widget\" data-widget_type=\"image.default\">\n\t\t\t\t<div class=\"elementor-widget-container\">\n\t\t\t\t\t\t\t\t\t\t\t\t\t\t\t<img decoding=\"async\" width=\"1600\" height=\"1067\" src=\"https:\/\/experience-valencia.com\/wp-content\/uploads\/2019\/04\/Visitas-guiadas-valencia-guia-oficial-de-turismo.jpg\" class=\"attachment-full size-full wp-image-3222\" alt=\"Visitas guiadas Valencia, gu\u00eda oficial de turismo Valencia\" srcset=\"https:\/\/experience-valencia.com\/wp-content\/uploads\/2019\/04\/Visitas-guiadas-valencia-guia-oficial-de-turismo.jpg 1600w, https:\/\/experience-valencia.com\/wp-content\/uploads\/2019\/04\/Visitas-guiadas-valencia-guia-oficial-de-turismo-300x200.jpg 300w, https:\/\/experience-valencia.com\/wp-content\/uploads\/2019\/04\/Visitas-guiadas-valencia-guia-oficial-de-turismo-768x512.jpg 768w, https:\/\/experience-valencia.com\/wp-content\/uploads\/2019\/04\/Visitas-guiadas-valencia-guia-oficial-de-turismo-1024x683.jpg 1024w, https:\/\/experience-valencia.com\/wp-content\/uploads\/2019\/04\/Visitas-guiadas-valencia-guia-oficial-de-turismo-700x467.jpg 700w\" sizes=\"(max-width: 1600px) 100vw, 1600px\" \/>\t\t\t\t\t\t\t\t\t\t\t\t\t\t\t<\/div>\n\t\t\t\t<\/div>\n\t\t\t\t\t<\/div>\n\t\t<\/div>\n\t\t\t\t\t<\/div>\n\t\t<\/section>\n\t\t\t\t<\/div>\n\t\t","protected":false},"excerpt":{"rendered":"<p>to travel AGENCIES AND COMPANIES INFORMATION If the city of Valencia is your next destination, at Experience Valencia we\u2019re here to help you with everything you need to make sure you get your desires. We know the city of Valencia firsthand and deliver a high quality service to offer you the best solution to your needs. It will be an honor to advise you. Don\u2019t doubt in telling us about your proposal, we will start creating the best experience for you. MADE TO SUIT YOU Tours for cruise lovers Tours designed for congressmen Tours for incentives Inspection visits Private events:&#8230;<\/p>\n","protected":false},"author":1,"featured_media":0,"parent":0,"menu_order":0,"comment_status":"closed","ping_status":"closed","template":"full_width.php","meta":{"footnotes":""},"class_list":["post-1041","page","type-page","status-publish","hentry"],"_links":{"self":[{"href":"https:\/\/experience-valencia.com\/en\/wp-json\/wp\/v2\/pages\/1041","targetHints":{"allow":["GET"]}}],"collection":[{"href":"https:\/\/experience-valencia.com\/en\/wp-json\/wp\/v2\/pages"}],"about":[{"href":"https:\/\/experience-valencia.com\/en\/wp-json\/wp\/v2\/types\/page"}],"author":[{"embeddable":true,"href":"https:\/\/experience-valencia.com\/en\/wp-json\/wp\/v2\/users\/1"}],"replies":[{"embeddable":true,"href":"https:\/\/experience-valencia.com\/en\/wp-json\/wp\/v2\/comments?post=1041"}],"version-history":[{"count":15,"href":"https:\/\/experience-valencia.com\/en\/wp-json\/wp\/v2\/pages\/1041\/revisions"}],"predecessor-version":[{"id":4628,"href":"https:\/\/experience-valencia.com\/en\/wp-json\/wp\/v2\/pages\/1041\/revisions\/4628"}],"wp:attachment":[{"href":"https:\/\/experience-valencia.com\/en\/wp-json\/wp\/v2\/media?parent=1041"}],"curies":[{"name":"wp","href":"https:\/\/api.w.org\/{rel}","templated":true}]}}